{"id":1288,"date":"2016-01-29T22:16:34","date_gmt":"2016-01-29T22:16:34","guid":{"rendered":"https:\/\/www.tgreguol.com.br\/blog\/?page_id=1288"},"modified":"2016-02-15T20:35:40","modified_gmt":"2016-02-15T20:35:40","slug":"sempre","status":"publish","type":"page","link":"https:\/\/www.tgreguol.com.br\/blog\/sempre\/","title":{"rendered":"Sempre"},"content":{"rendered":"<p style=\"text-align: justify;\">E ent\u00e3o notei que caminhava fazia tempo. Olhava a paisagem, tentava ver o final da estrada. Ap\u00f3s a colina, que vinha depois do vale, n\u00e3o tinha muita certeza se era mesmo ali que acabava, mas ficava meio confusa com a vegeta\u00e7\u00e3o e minha vista j\u00e1 n\u00e3o chegava a tanto. Ouvi alguma coisa chamando minha aten\u00e7\u00e3o. N\u00e3o meu nome, a aten\u00e7\u00e3o. L\u00e1 estava desviada de novo para algo que a chamava como se chama a um amigo que, de t\u00e3o \u00edntimo, nem precisa de palavras. Olhei para a frente, n\u00e3o vi nada. Para os lados, tamb\u00e9m n\u00e3o. Olhei para tr\u00e1s. Havia uma pequena multid\u00e3o. Estavam h\u00e1 alguns metros de mim e acenavam felizes e silenciosos. N\u00e3o felizes por me distanciar, mas felizes como numa fotografia, moviam-se e, por mais que andasse, a dist\u00e2ncia continuava a mesma. Ent\u00e3o resolvi ir at\u00e9 eles, mas quando me direcionei, eles se afastaram sem andar. Sempre alguns metros. Iguais \u00e0 realidade, mas da forma como me lembro. No colo de uma das minhas av\u00f3s, um dos meus ursos de pel\u00facia que dava para lavar na m\u00e1quina de lavar. Minha outra av\u00f3, sentada de pijama branco e havaianas, balan\u00e7ava os pezinhos e se apoiava nos punhos, feliz. E tinha um menino pequeno com uma fantasia engra\u00e7ada e bem sorridente, e meus irm\u00e3os e minha irm\u00e3 e meus pais e esse n\u00facleo familiar era v\u00e1rios, de diferentes idades, tamanhos, \u00e2nimos. E os meus amigos tamb\u00e9m &#8211; alguns eram t\u00e3o pequenos e, logo ao lado, um outro deles, maior. E tinha aqueles que nem sei quem s\u00e3o ou o que faziam l\u00e1. Tinha a mulher que amo que, junto com minha m\u00e3e, parecia ter convidado a todos, e elas eram tantas e estavam em todos os lugares. Meu pai carregava um menino no colo, e esse menino olhava seu nariz e brincava com um boneco de fantoche e ria com meu pai, que tamb\u00e9m tinha uma vers\u00e3o de terno e uma de roupas divertidas e um pano de pratos no ombro fazendo algo bom para comer. Meus irm\u00e3os animavam o povo todo e sabiam tantas coisas e eram muito simp\u00e1ticos com todos e n\u00e3o poderiam n\u00e3o ser, e minha irm\u00e3, quietinha, morria de rir de tudo isso &#8211; eram v\u00e1rias dela, e elas riam e sorriam e faziam muitos &#8220;j\u00f3inhas&#8221; com a m\u00e3o. Meus amigos pareciam um para-choque &#8211; ficavam fixos, firmes, n\u00e3o se movimentavam para os lados, mas estavam ali iguais a quando a gente olha para a l\u00e2mpada e fecha os olhos depois. Num canto tinha uma sacola com um monte de truques de m\u00e1gica feitos de pl\u00e1stico e tinha nhoque num restaurante no centro da cidade e tinha um menino fazendo umas besteiras graves &#8211; todos acenando e dizendo da forma deles que aquilo era um sorriso e tinha coisas que simplesmente eram um sorriso. Um solu\u00e7o pulou de mim. Fiquei na d\u00favida se era um solu\u00e7o que introduzia l\u00e1grima ou risada. E fiquei sem saber. Olhei para a frente e continuei andando e continuo sempre. E a alguns metros de mim tamb\u00e9m continuam sempre.<\/p>\n","protected":false},"excerpt":{"rendered":"<p>E ent\u00e3o notei que caminhava fazia tempo. Olhava a paisagem, \u2026<\/p>\n<p class=\"continue-reading-button\"> <a class=\"continue-reading-link\" href=\"https:\/\/www.tgreguol.com.br\/blog\/sempre\/\">Leia Mais<i class=\"crycon-right-dir\"><\/i><\/a><\/p>\n","protected":false},"author":1,"featured_media":0,"parent":0,"menu_order":0,"comment_status":"closed","ping_status":"closed","template":"","meta":{"nf_dc_page":"","_exactmetrics_skip_tracking":false,"_exactmetrics_sitenote_active":false,"_exactmetrics_sitenote_note":"","_exactmetrics_sitenote_category":0,"footnotes":""},"class_list":["post-1288","page","type-page","status-publish","hentry"],"yoast_head":"<!-- This site is optimized with the Yoast SEO plugin v27.5 - https:\/\/yoast.com\/product\/yoast-seo-wordpress\/ -->\n<title>Sempre - T. Greguol<\/title>\n<meta name=\"robots\" content=\"index, follow, max-snippet:-1, max-image-preview:large, max-video-preview:-1\" \/>\n<link rel=\"canonical\" href=\"https:\/\/www.tgreguol.com.br\/blog\/sempre\/\" \/>\n<meta property=\"og:locale\" content=\"pt_BR\" \/>\n<meta property=\"og:type\" content=\"article\" \/>\n<meta property=\"og:title\" content=\"Sempre - T. Greguol\" \/>\n<meta property=\"og:description\" content=\"E ent\u00e3o notei que caminhava fazia tempo. Olhava a paisagem, \u2026 Leia Mais\" \/>\n<meta property=\"og:url\" content=\"https:\/\/www.tgreguol.com.br\/blog\/sempre\/\" \/>\n<meta property=\"og:site_name\" content=\"T. Greguol\" \/>\n<meta property=\"article:publisher\" content=\"https:\/\/www.facebook.com\/tgreguol\" \/>\n<meta property=\"article:modified_time\" content=\"2016-02-15T20:35:40+00:00\" \/>\n<meta name=\"twitter:card\" content=\"summary_large_image\" \/>\n<meta name=\"twitter:site\" content=\"@katarse\" \/>\n<meta name=\"twitter:label1\" content=\"Est. tempo de leitura\" \/>\n\t<meta name=\"twitter:data1\" content=\"3 minutos\" \/>\n<script type=\"application\/ld+json\" class=\"yoast-schema-graph\">{\"@context\":\"https:\\\/\\\/schema.org\",\"@graph\":[{\"@type\":\"WebPage\",\"@id\":\"https:\\\/\\\/www.tgreguol.com.br\\\/blog\\\/sempre\\\/\",\"url\":\"https:\\\/\\\/www.tgreguol.com.br\\\/blog\\\/sempre\\\/\",\"name\":\"Sempre - T. Greguol\",\"isPartOf\":{\"@id\":\"https:\\\/\\\/www.tgreguol.com.br\\\/blog\\\/#website\"},\"datePublished\":\"2016-01-29T22:16:34+00:00\",\"dateModified\":\"2016-02-15T20:35:40+00:00\",\"breadcrumb\":{\"@id\":\"https:\\\/\\\/www.tgreguol.com.br\\\/blog\\\/sempre\\\/#breadcrumb\"},\"inLanguage\":\"pt-BR\",\"potentialAction\":[{\"@type\":\"ReadAction\",\"target\":[\"https:\\\/\\\/www.tgreguol.com.br\\\/blog\\\/sempre\\\/\"]}]},{\"@type\":\"BreadcrumbList\",\"@id\":\"https:\\\/\\\/www.tgreguol.com.br\\\/blog\\\/sempre\\\/#breadcrumb\",\"itemListElement\":[{\"@type\":\"ListItem\",\"position\":1,\"name\":\"In\u00edcio\",\"item\":\"https:\\\/\\\/www.tgreguol.com.br\\\/blog\\\/\"},{\"@type\":\"ListItem\",\"position\":2,\"name\":\"Sempre\"}]},{\"@type\":\"WebSite\",\"@id\":\"https:\\\/\\\/www.tgreguol.com.br\\\/blog\\\/#website\",\"url\":\"https:\\\/\\\/www.tgreguol.com.br\\\/blog\\\/\",\"name\":\"T. Greguol\",\"description\":\"Imaginador\",\"potentialAction\":[{\"@type\":\"SearchAction\",\"target\":{\"@type\":\"EntryPoint\",\"urlTemplate\":\"https:\\\/\\\/www.tgreguol.com.br\\\/blog\\\/?s={search_term_string}\"},\"query-input\":{\"@type\":\"PropertyValueSpecification\",\"valueRequired\":true,\"valueName\":\"search_term_string\"}}],\"inLanguage\":\"pt-BR\"}]}<\/script>\n<!-- \/ Yoast SEO plugin. -->","yoast_head_json":{"title":"Sempre - T. Greguol","robots":{"index":"index","follow":"follow","max-snippet":"max-snippet:-1","max-image-preview":"max-image-preview:large","max-video-preview":"max-video-preview:-1"},"canonical":"https:\/\/www.tgreguol.com.br\/blog\/sempre\/","og_locale":"pt_BR","og_type":"article","og_title":"Sempre - T. Greguol","og_description":"E ent\u00e3o notei que caminhava fazia tempo. Olhava a paisagem, \u2026 Leia Mais","og_url":"https:\/\/www.tgreguol.com.br\/blog\/sempre\/","og_site_name":"T. Greguol","article_publisher":"https:\/\/www.facebook.com\/tgreguol","article_modified_time":"2016-02-15T20:35:40+00:00","twitter_card":"summary_large_image","twitter_site":"@katarse","twitter_misc":{"Est. tempo de leitura":"3 minutos"},"schema":{"@context":"https:\/\/schema.org","@graph":[{"@type":"WebPage","@id":"https:\/\/www.tgreguol.com.br\/blog\/sempre\/","url":"https:\/\/www.tgreguol.com.br\/blog\/sempre\/","name":"Sempre - T. Greguol","isPartOf":{"@id":"https:\/\/www.tgreguol.com.br\/blog\/#website"},"datePublished":"2016-01-29T22:16:34+00:00","dateModified":"2016-02-15T20:35:40+00:00","breadcrumb":{"@id":"https:\/\/www.tgreguol.com.br\/blog\/sempre\/#breadcrumb"},"inLanguage":"pt-BR","potentialAction":[{"@type":"ReadAction","target":["https:\/\/www.tgreguol.com.br\/blog\/sempre\/"]}]},{"@type":"BreadcrumbList","@id":"https:\/\/www.tgreguol.com.br\/blog\/sempre\/#breadcrumb","itemListElement":[{"@type":"ListItem","position":1,"name":"In\u00edcio","item":"https:\/\/www.tgreguol.com.br\/blog\/"},{"@type":"ListItem","position":2,"name":"Sempre"}]},{"@type":"WebSite","@id":"https:\/\/www.tgreguol.com.br\/blog\/#website","url":"https:\/\/www.tgreguol.com.br\/blog\/","name":"T. Greguol","description":"Imaginador","potentialAction":[{"@type":"SearchAction","target":{"@type":"EntryPoint","urlTemplate":"https:\/\/www.tgreguol.com.br\/blog\/?s={search_term_string}"},"query-input":{"@type":"PropertyValueSpecification","valueRequired":true,"valueName":"search_term_string"}}],"inLanguage":"pt-BR"}]}},"_links":{"self":[{"href":"https:\/\/www.tgreguol.com.br\/blog\/wp-json\/wp\/v2\/pages\/1288","targetHints":{"allow":["GET"]}}],"collection":[{"href":"https:\/\/www.tgreguol.com.br\/blog\/wp-json\/wp\/v2\/pages"}],"about":[{"href":"https:\/\/www.tgreguol.com.br\/blog\/wp-json\/wp\/v2\/types\/page"}],"author":[{"embeddable":true,"href":"https:\/\/www.tgreguol.com.br\/blog\/wp-json\/wp\/v2\/users\/1"}],"replies":[{"embeddable":true,"href":"https:\/\/www.tgreguol.com.br\/blog\/wp-json\/wp\/v2\/comments?post=1288"}],"version-history":[{"count":3,"href":"https:\/\/www.tgreguol.com.br\/blog\/wp-json\/wp\/v2\/pages\/1288\/revisions"}],"predecessor-version":[{"id":1436,"href":"https:\/\/www.tgreguol.com.br\/blog\/wp-json\/wp\/v2\/pages\/1288\/revisions\/1436"}],"wp:attachment":[{"href":"https:\/\/www.tgreguol.com.br\/blog\/wp-json\/wp\/v2\/media?parent=1288"}],"curies":[{"name":"wp","href":"https:\/\/api.w.org\/{rel}","templated":true}]}}