{"id":1283,"date":"2016-01-29T22:12:51","date_gmt":"2016-01-29T22:12:51","guid":{"rendered":"https:\/\/www.tgreguol.com.br\/blog\/?page_id=1283"},"modified":"2016-02-15T19:36:32","modified_gmt":"2016-02-15T19:36:32","slug":"necroterio","status":"publish","type":"page","link":"https:\/\/www.tgreguol.com.br\/blog\/necroterio\/","title":{"rendered":"Necrot\u00e9rio"},"content":{"rendered":"<p style=\"text-align: justify;\">Um dia eu estava no necrot\u00e9rio. Tenho esse sistema de prote\u00e7\u00e3o ao orgulho e, mesmo se um morto levanta na minha frente, hesito em assustar e fazer papel de bobo. De qualquer forma, depois dos segundos de hesita\u00e7\u00e3o, a l\u00f3gica tomou conta. Ent\u00e3o, com calma o morto olhou para mim. Ele disse que estava morto, que eu poderia conferir todos os sinais e, caso algu\u00e9m j\u00e1 tivesse falado com um morto, saberia que \u00e9 bem diferente e n\u00e3o da para se fingir que se est\u00e1 morto.<br \/>\n&#8211; N\u00e3o sei tamb\u00e9m o que aconteceu e nem por qu\u00ea, mas deixe de curiosidades. Deixe-me falar, n\u00e3o acredito que v\u00e1 durar muito esse meu retorno, ent\u00e3o ou\u00e7a minhas conclus\u00f5es e, se puder tirar algo de bom disso, tire. Nada que direi \u00e9 novidade e o que acontece depois da morte n\u00e3o interessa para voc\u00ea agora, ent\u00e3o, lembre-se&#8230; Todas as coisas s\u00e3o assim, elas s\u00e3o o fato e o cheiro do fato. Ficar triste n\u00e3o adianta, n\u00e3o resolve, portanto, fique atento e tente descobrir se o que sente \u00e9 tristeza ou o cheiro da tristeza, porque se for o cheio \u00e9 s\u00f3 tomar banho que passa. Assim como a alegria, com a diferen\u00e7a de que alegria \u00e9 gostoso e a tristeza, n\u00e3o. Mas se voc\u00ea gostar da tristeza&#8230; Fique triste! Reclame se tiver que reclamar e n\u00e3o se sinta obrigado a ficar feliz tamb\u00e9m &#8211; n\u00e3o \u00e9 porque est\u00e1 vivo que voc\u00ea tem obriga\u00e7\u00e3o de achar tudo bom! Est\u00e1 cheio de coisas ruins por aqui; n\u00e3o se deixe levar por algo que lhe incomoda &#8211; mesmo se todos disserem o oposto, dever\u00edamos sempre fazer o que nos apetece&#8230; Seja justo e elogie o que achar que mere\u00e7a e, por favor, tente n\u00e3o atrapalhar os outros &#8211; todos j\u00e1 t\u00eam tantos problemas&#8230; No mais, a vida \u00e9 vazia e sem sentido para os que est\u00e3o vivos; vendo de onde estou me parece bem \u00f3bvio, por\u00e9m, quando estava morto algo parecia fazer mais sentido, mas voc\u00ea pode imaginar como \u00e9 a mem\u00f3ria de um morto.<br \/>\nEnt\u00e3o ele se deitou novamente olhando para o teto e olhou para mim movendo os olhos, arqueou as sobrancelhas e voltou ao sil\u00eancio. Aproximei-me lentamente, ele j\u00e1 estava calado como deve estar at\u00e9 hoje. Cobri o morto e sa\u00ed da sala. A cada dia, seguindo a l\u00f3gica, aproximo-me mais e mais de onde ele se encontrava na \u00e9poca e parece-me que suas conclus\u00f5es faziam muito sentido.<\/p>\n","protected":false},"excerpt":{"rendered":"<p>Um dia eu estava no necrot\u00e9rio. Tenho esse sistema de \u2026<\/p>\n<p class=\"continue-reading-button\"> <a class=\"continue-reading-link\" href=\"https:\/\/www.tgreguol.com.br\/blog\/necroterio\/\">Leia Mais<i class=\"crycon-right-dir\"><\/i><\/a><\/p>\n","protected":false},"author":1,"featured_media":0,"parent":0,"menu_order":0,"comment_status":"closed","ping_status":"closed","template":"","meta":{"nf_dc_page":"","_exactmetrics_skip_tracking":false,"_exactmetrics_sitenote_active":false,"_exactmetrics_sitenote_note":"","_exactmetrics_sitenote_category":0,"footnotes":""},"class_list":["post-1283","page","type-page","status-publish","hentry"],"yoast_head":"<!-- This site is optimized with the Yoast SEO plugin v27.5 - https:\/\/yoast.com\/product\/yoast-seo-wordpress\/ -->\n<title>Necrot\u00e9rio - T. Greguol<\/title>\n<meta name=\"robots\" content=\"index, follow, max-snippet:-1, max-image-preview:large, max-video-preview:-1\" \/>\n<link rel=\"canonical\" href=\"https:\/\/www.tgreguol.com.br\/blog\/necroterio\/\" \/>\n<meta property=\"og:locale\" content=\"pt_BR\" \/>\n<meta property=\"og:type\" content=\"article\" \/>\n<meta property=\"og:title\" content=\"Necrot\u00e9rio - T. Greguol\" \/>\n<meta property=\"og:description\" content=\"Um dia eu estava no necrot\u00e9rio. Tenho esse sistema de \u2026 Leia Mais\" \/>\n<meta property=\"og:url\" content=\"https:\/\/www.tgreguol.com.br\/blog\/necroterio\/\" \/>\n<meta property=\"og:site_name\" content=\"T. Greguol\" \/>\n<meta property=\"article:publisher\" content=\"https:\/\/www.facebook.com\/tgreguol\" \/>\n<meta property=\"article:modified_time\" content=\"2016-02-15T19:36:32+00:00\" \/>\n<meta name=\"twitter:card\" content=\"summary_large_image\" \/>\n<meta name=\"twitter:site\" content=\"@katarse\" \/>\n<meta name=\"twitter:label1\" content=\"Est. tempo de leitura\" \/>\n\t<meta name=\"twitter:data1\" content=\"2 minutos\" \/>\n<script type=\"application\/ld+json\" class=\"yoast-schema-graph\">{\"@context\":\"https:\\\/\\\/schema.org\",\"@graph\":[{\"@type\":\"WebPage\",\"@id\":\"https:\\\/\\\/www.tgreguol.com.br\\\/blog\\\/necroterio\\\/\",\"url\":\"https:\\\/\\\/www.tgreguol.com.br\\\/blog\\\/necroterio\\\/\",\"name\":\"Necrot\u00e9rio - T. Greguol\",\"isPartOf\":{\"@id\":\"https:\\\/\\\/www.tgreguol.com.br\\\/blog\\\/#website\"},\"datePublished\":\"2016-01-29T22:12:51+00:00\",\"dateModified\":\"2016-02-15T19:36:32+00:00\",\"breadcrumb\":{\"@id\":\"https:\\\/\\\/www.tgreguol.com.br\\\/blog\\\/necroterio\\\/#breadcrumb\"},\"inLanguage\":\"pt-BR\",\"potentialAction\":[{\"@type\":\"ReadAction\",\"target\":[\"https:\\\/\\\/www.tgreguol.com.br\\\/blog\\\/necroterio\\\/\"]}]},{\"@type\":\"BreadcrumbList\",\"@id\":\"https:\\\/\\\/www.tgreguol.com.br\\\/blog\\\/necroterio\\\/#breadcrumb\",\"itemListElement\":[{\"@type\":\"ListItem\",\"position\":1,\"name\":\"In\u00edcio\",\"item\":\"https:\\\/\\\/www.tgreguol.com.br\\\/blog\\\/\"},{\"@type\":\"ListItem\",\"position\":2,\"name\":\"Necrot\u00e9rio\"}]},{\"@type\":\"WebSite\",\"@id\":\"https:\\\/\\\/www.tgreguol.com.br\\\/blog\\\/#website\",\"url\":\"https:\\\/\\\/www.tgreguol.com.br\\\/blog\\\/\",\"name\":\"T. Greguol\",\"description\":\"Imaginador\",\"potentialAction\":[{\"@type\":\"SearchAction\",\"target\":{\"@type\":\"EntryPoint\",\"urlTemplate\":\"https:\\\/\\\/www.tgreguol.com.br\\\/blog\\\/?s={search_term_string}\"},\"query-input\":{\"@type\":\"PropertyValueSpecification\",\"valueRequired\":true,\"valueName\":\"search_term_string\"}}],\"inLanguage\":\"pt-BR\"}]}<\/script>\n<!-- \/ Yoast SEO plugin. -->","yoast_head_json":{"title":"Necrot\u00e9rio - T. Greguol","robots":{"index":"index","follow":"follow","max-snippet":"max-snippet:-1","max-image-preview":"max-image-preview:large","max-video-preview":"max-video-preview:-1"},"canonical":"https:\/\/www.tgreguol.com.br\/blog\/necroterio\/","og_locale":"pt_BR","og_type":"article","og_title":"Necrot\u00e9rio - T. Greguol","og_description":"Um dia eu estava no necrot\u00e9rio. Tenho esse sistema de \u2026 Leia Mais","og_url":"https:\/\/www.tgreguol.com.br\/blog\/necroterio\/","og_site_name":"T. Greguol","article_publisher":"https:\/\/www.facebook.com\/tgreguol","article_modified_time":"2016-02-15T19:36:32+00:00","twitter_card":"summary_large_image","twitter_site":"@katarse","twitter_misc":{"Est. tempo de leitura":"2 minutos"},"schema":{"@context":"https:\/\/schema.org","@graph":[{"@type":"WebPage","@id":"https:\/\/www.tgreguol.com.br\/blog\/necroterio\/","url":"https:\/\/www.tgreguol.com.br\/blog\/necroterio\/","name":"Necrot\u00e9rio - T. Greguol","isPartOf":{"@id":"https:\/\/www.tgreguol.com.br\/blog\/#website"},"datePublished":"2016-01-29T22:12:51+00:00","dateModified":"2016-02-15T19:36:32+00:00","breadcrumb":{"@id":"https:\/\/www.tgreguol.com.br\/blog\/necroterio\/#breadcrumb"},"inLanguage":"pt-BR","potentialAction":[{"@type":"ReadAction","target":["https:\/\/www.tgreguol.com.br\/blog\/necroterio\/"]}]},{"@type":"BreadcrumbList","@id":"https:\/\/www.tgreguol.com.br\/blog\/necroterio\/#breadcrumb","itemListElement":[{"@type":"ListItem","position":1,"name":"In\u00edcio","item":"https:\/\/www.tgreguol.com.br\/blog\/"},{"@type":"ListItem","position":2,"name":"Necrot\u00e9rio"}]},{"@type":"WebSite","@id":"https:\/\/www.tgreguol.com.br\/blog\/#website","url":"https:\/\/www.tgreguol.com.br\/blog\/","name":"T. Greguol","description":"Imaginador","potentialAction":[{"@type":"SearchAction","target":{"@type":"EntryPoint","urlTemplate":"https:\/\/www.tgreguol.com.br\/blog\/?s={search_term_string}"},"query-input":{"@type":"PropertyValueSpecification","valueRequired":true,"valueName":"search_term_string"}}],"inLanguage":"pt-BR"}]}},"_links":{"self":[{"href":"https:\/\/www.tgreguol.com.br\/blog\/wp-json\/wp\/v2\/pages\/1283","targetHints":{"allow":["GET"]}}],"collection":[{"href":"https:\/\/www.tgreguol.com.br\/blog\/wp-json\/wp\/v2\/pages"}],"about":[{"href":"https:\/\/www.tgreguol.com.br\/blog\/wp-json\/wp\/v2\/types\/page"}],"author":[{"embeddable":true,"href":"https:\/\/www.tgreguol.com.br\/blog\/wp-json\/wp\/v2\/users\/1"}],"replies":[{"embeddable":true,"href":"https:\/\/www.tgreguol.com.br\/blog\/wp-json\/wp\/v2\/comments?post=1283"}],"version-history":[{"count":5,"href":"https:\/\/www.tgreguol.com.br\/blog\/wp-json\/wp\/v2\/pages\/1283\/revisions"}],"predecessor-version":[{"id":1407,"href":"https:\/\/www.tgreguol.com.br\/blog\/wp-json\/wp\/v2\/pages\/1283\/revisions\/1407"}],"wp:attachment":[{"href":"https:\/\/www.tgreguol.com.br\/blog\/wp-json\/wp\/v2\/media?parent=1283"}],"curies":[{"name":"wp","href":"https:\/\/api.w.org\/{rel}","templated":true}]}}