{"id":1277,"date":"2016-01-29T22:06:55","date_gmt":"2016-01-29T22:06:55","guid":{"rendered":"https:\/\/www.tgreguol.com.br\/blog\/?page_id=1277"},"modified":"2016-02-15T19:43:03","modified_gmt":"2016-02-15T19:43:03","slug":"o-resumo-da-opera","status":"publish","type":"page","link":"https:\/\/www.tgreguol.com.br\/blog\/o-resumo-da-opera\/","title":{"rendered":"O Resumo da \u00d3pera"},"content":{"rendered":"<p style=\"text-align: justify;\">E ele se arrastou at\u00e9 as cadeiras e se sentou. N\u00e3o queria mais beber at\u00e9 cair, n\u00e3o queria mais comer at\u00e9 abrir o bot\u00e3o da cal\u00e7a e nem queria mais beijar o mundo inteiro. Ele nem sabia o que queria. Ou sabia, mas n\u00e3o sabia como. Ent\u00e3o olhou para o lado e achou uma mocinha diferente. Era igual sem ser igual e diferente sem ser banal. Ela tinha olhos vivos e um sorriso grande. Mas ela n\u00e3o tinha olhos alucinados e nem um sorriso desesperado. E ela olhou para ele e eles se deram bem e se acharam divertidos e eles brincaram e da\u00ed um gostou do outro. Mas o mesmo ser que criou o n\u00famero 142.857 criou as baratas com asas. E foi ele mesmo que deixou criarem a penicilina e tamb\u00e9m deixou criarem o nazismo e a invas\u00e3o espanhola na Am\u00e9rica do sul. E por isso, e s\u00f3 por isso, o mocinho e a mocinha arrastaram as suas bagagens e elas eram muito pesadas e dentro dos sacos tinha coisas pontudas e velhas, e o saco acabou rasgando e se espalhou por a\u00ed. E da\u00ed quem tinha mais medo (baratas com asas nazistas) abandonou o barco, deixando o lado mais curioso e feliz (penicilina de doce de caf\u00e9) com o cora\u00e7\u00e3ozinho apertado igual a n\u00f3 de cadar\u00e7o molhado. E quem est\u00e1 certo por querer outra pessoa? E quem est\u00e1 errado por n\u00e3o querer quem lhe queira? Hoje em dia cada um vive na sua com mais coisas estranhas em suas bagagens pesadas. Algumas coisas ca\u00edram e eles viram que n\u00e3o serviam para nada. Mas sabe como s\u00e3o essas coisas que caem por a\u00ed&#8230; \u00c0s vezes elas voltam disfar\u00e7adas. E n\u00e3o \u00e9 que elas s\u00e3o boas mesmo nisso? Boas de uma forma cruel como as baratas com asas e cru\u00e9is de uma forma boa como os doces de caf\u00e9.<\/p>\n","protected":false},"excerpt":{"rendered":"<p>E ele se arrastou at\u00e9 as cadeiras e se sentou. \u2026<\/p>\n<p class=\"continue-reading-button\"> <a class=\"continue-reading-link\" href=\"https:\/\/www.tgreguol.com.br\/blog\/o-resumo-da-opera\/\">Leia Mais<i class=\"crycon-right-dir\"><\/i><\/a><\/p>\n","protected":false},"author":1,"featured_media":0,"parent":0,"menu_order":0,"comment_status":"closed","ping_status":"closed","template":"","meta":{"nf_dc_page":"","_exactmetrics_skip_tracking":false,"_exactmetrics_sitenote_active":false,"_exactmetrics_sitenote_note":"","_exactmetrics_sitenote_category":0,"footnotes":""},"class_list":["post-1277","page","type-page","status-publish","hentry"],"yoast_head":"<!-- This site is optimized with the Yoast SEO plugin v27.5 - https:\/\/yoast.com\/product\/yoast-seo-wordpress\/ -->\n<title>O Resumo da \u00d3pera - T. Greguol<\/title>\n<meta name=\"robots\" content=\"index, follow, max-snippet:-1, max-image-preview:large, max-video-preview:-1\" \/>\n<link rel=\"canonical\" href=\"https:\/\/www.tgreguol.com.br\/blog\/o-resumo-da-opera\/\" \/>\n<meta property=\"og:locale\" content=\"pt_BR\" \/>\n<meta property=\"og:type\" content=\"article\" \/>\n<meta property=\"og:title\" content=\"O Resumo da \u00d3pera - T. Greguol\" \/>\n<meta property=\"og:description\" content=\"E ele se arrastou at\u00e9 as cadeiras e se sentou. \u2026 Leia Mais\" \/>\n<meta property=\"og:url\" content=\"https:\/\/www.tgreguol.com.br\/blog\/o-resumo-da-opera\/\" \/>\n<meta property=\"og:site_name\" content=\"T. Greguol\" \/>\n<meta property=\"article:publisher\" content=\"https:\/\/www.facebook.com\/tgreguol\" \/>\n<meta property=\"article:modified_time\" content=\"2016-02-15T19:43:03+00:00\" \/>\n<meta name=\"twitter:card\" content=\"summary_large_image\" \/>\n<meta name=\"twitter:site\" content=\"@katarse\" \/>\n<meta name=\"twitter:label1\" content=\"Est. tempo de leitura\" \/>\n\t<meta name=\"twitter:data1\" content=\"2 minutos\" \/>\n<script type=\"application\/ld+json\" class=\"yoast-schema-graph\">{\"@context\":\"https:\\\/\\\/schema.org\",\"@graph\":[{\"@type\":\"WebPage\",\"@id\":\"https:\\\/\\\/www.tgreguol.com.br\\\/blog\\\/o-resumo-da-opera\\\/\",\"url\":\"https:\\\/\\\/www.tgreguol.com.br\\\/blog\\\/o-resumo-da-opera\\\/\",\"name\":\"O Resumo da \u00d3pera - T. Greguol\",\"isPartOf\":{\"@id\":\"https:\\\/\\\/www.tgreguol.com.br\\\/blog\\\/#website\"},\"datePublished\":\"2016-01-29T22:06:55+00:00\",\"dateModified\":\"2016-02-15T19:43:03+00:00\",\"breadcrumb\":{\"@id\":\"https:\\\/\\\/www.tgreguol.com.br\\\/blog\\\/o-resumo-da-opera\\\/#breadcrumb\"},\"inLanguage\":\"pt-BR\",\"potentialAction\":[{\"@type\":\"ReadAction\",\"target\":[\"https:\\\/\\\/www.tgreguol.com.br\\\/blog\\\/o-resumo-da-opera\\\/\"]}]},{\"@type\":\"BreadcrumbList\",\"@id\":\"https:\\\/\\\/www.tgreguol.com.br\\\/blog\\\/o-resumo-da-opera\\\/#breadcrumb\",\"itemListElement\":[{\"@type\":\"ListItem\",\"position\":1,\"name\":\"In\u00edcio\",\"item\":\"https:\\\/\\\/www.tgreguol.com.br\\\/blog\\\/\"},{\"@type\":\"ListItem\",\"position\":2,\"name\":\"O Resumo da \u00d3pera\"}]},{\"@type\":\"WebSite\",\"@id\":\"https:\\\/\\\/www.tgreguol.com.br\\\/blog\\\/#website\",\"url\":\"https:\\\/\\\/www.tgreguol.com.br\\\/blog\\\/\",\"name\":\"T. Greguol\",\"description\":\"Imaginador\",\"potentialAction\":[{\"@type\":\"SearchAction\",\"target\":{\"@type\":\"EntryPoint\",\"urlTemplate\":\"https:\\\/\\\/www.tgreguol.com.br\\\/blog\\\/?s={search_term_string}\"},\"query-input\":{\"@type\":\"PropertyValueSpecification\",\"valueRequired\":true,\"valueName\":\"search_term_string\"}}],\"inLanguage\":\"pt-BR\"}]}<\/script>\n<!-- \/ Yoast SEO plugin. -->","yoast_head_json":{"title":"O Resumo da \u00d3pera - T. Greguol","robots":{"index":"index","follow":"follow","max-snippet":"max-snippet:-1","max-image-preview":"max-image-preview:large","max-video-preview":"max-video-preview:-1"},"canonical":"https:\/\/www.tgreguol.com.br\/blog\/o-resumo-da-opera\/","og_locale":"pt_BR","og_type":"article","og_title":"O Resumo da \u00d3pera - T. Greguol","og_description":"E ele se arrastou at\u00e9 as cadeiras e se sentou. \u2026 Leia Mais","og_url":"https:\/\/www.tgreguol.com.br\/blog\/o-resumo-da-opera\/","og_site_name":"T. Greguol","article_publisher":"https:\/\/www.facebook.com\/tgreguol","article_modified_time":"2016-02-15T19:43:03+00:00","twitter_card":"summary_large_image","twitter_site":"@katarse","twitter_misc":{"Est. tempo de leitura":"2 minutos"},"schema":{"@context":"https:\/\/schema.org","@graph":[{"@type":"WebPage","@id":"https:\/\/www.tgreguol.com.br\/blog\/o-resumo-da-opera\/","url":"https:\/\/www.tgreguol.com.br\/blog\/o-resumo-da-opera\/","name":"O Resumo da \u00d3pera - T. Greguol","isPartOf":{"@id":"https:\/\/www.tgreguol.com.br\/blog\/#website"},"datePublished":"2016-01-29T22:06:55+00:00","dateModified":"2016-02-15T19:43:03+00:00","breadcrumb":{"@id":"https:\/\/www.tgreguol.com.br\/blog\/o-resumo-da-opera\/#breadcrumb"},"inLanguage":"pt-BR","potentialAction":[{"@type":"ReadAction","target":["https:\/\/www.tgreguol.com.br\/blog\/o-resumo-da-opera\/"]}]},{"@type":"BreadcrumbList","@id":"https:\/\/www.tgreguol.com.br\/blog\/o-resumo-da-opera\/#breadcrumb","itemListElement":[{"@type":"ListItem","position":1,"name":"In\u00edcio","item":"https:\/\/www.tgreguol.com.br\/blog\/"},{"@type":"ListItem","position":2,"name":"O Resumo da \u00d3pera"}]},{"@type":"WebSite","@id":"https:\/\/www.tgreguol.com.br\/blog\/#website","url":"https:\/\/www.tgreguol.com.br\/blog\/","name":"T. Greguol","description":"Imaginador","potentialAction":[{"@type":"SearchAction","target":{"@type":"EntryPoint","urlTemplate":"https:\/\/www.tgreguol.com.br\/blog\/?s={search_term_string}"},"query-input":{"@type":"PropertyValueSpecification","valueRequired":true,"valueName":"search_term_string"}}],"inLanguage":"pt-BR"}]}},"_links":{"self":[{"href":"https:\/\/www.tgreguol.com.br\/blog\/wp-json\/wp\/v2\/pages\/1277","targetHints":{"allow":["GET"]}}],"collection":[{"href":"https:\/\/www.tgreguol.com.br\/blog\/wp-json\/wp\/v2\/pages"}],"about":[{"href":"https:\/\/www.tgreguol.com.br\/blog\/wp-json\/wp\/v2\/types\/page"}],"author":[{"embeddable":true,"href":"https:\/\/www.tgreguol.com.br\/blog\/wp-json\/wp\/v2\/users\/1"}],"replies":[{"embeddable":true,"href":"https:\/\/www.tgreguol.com.br\/blog\/wp-json\/wp\/v2\/comments?post=1277"}],"version-history":[{"count":3,"href":"https:\/\/www.tgreguol.com.br\/blog\/wp-json\/wp\/v2\/pages\/1277\/revisions"}],"predecessor-version":[{"id":1411,"href":"https:\/\/www.tgreguol.com.br\/blog\/wp-json\/wp\/v2\/pages\/1277\/revisions\/1411"}],"wp:attachment":[{"href":"https:\/\/www.tgreguol.com.br\/blog\/wp-json\/wp\/v2\/media?parent=1277"}],"curies":[{"name":"wp","href":"https:\/\/api.w.org\/{rel}","templated":true}]}}