{"id":1271,"date":"2016-01-29T22:03:00","date_gmt":"2016-01-29T22:03:00","guid":{"rendered":"https:\/\/www.tgreguol.com.br\/blog\/?page_id=1271"},"modified":"2016-02-15T21:32:32","modified_gmt":"2016-02-15T21:32:32","slug":"vini-vidi-vici","status":"publish","type":"page","link":"https:\/\/www.tgreguol.com.br\/blog\/vini-vidi-vici\/","title":{"rendered":"Vini Vidi Vinci"},"content":{"rendered":"<p style=\"text-align: justify;\">Eu sou invenc\u00edvel, portanto, fa\u00e7o o que quero. N\u00e3o tenho fam\u00edlia e, por ser imortal, acabei me distanciando de todas as pessoas. N\u00e3o podem me for\u00e7ar a nada usando m\u00e9todos legais, pois a lei n\u00e3o se aplica a mim. Ou melhor, se aplica&#8230; Mas quem a far\u00e1 vigente? Podem tirar minha fortuna e me deixar sem teto e sem comida e certamente n\u00e3o ter\u00e3o me parado ainda. Pode atirar em mim, me queimar, cortar minha cabe\u00e7a, enfiar uma estaca no meu cora\u00e7\u00e3o, me enterrar numa pedreira de kriptonita, me fatiar em pedacinhos e mandar cada peda\u00e7o para um canto do mundo. Nunca v\u00e3o chegar nem perto de conseguirem tais feitos, mas se conseguirem, n\u00e3o v\u00e3o me matar ou machucar, s\u00f3 v\u00e3o me atrasar. Mas n\u00e3o me tome por uma pessoa m\u00e1, quero o bem e \u00e9 por isso que fico na minha. Fa\u00e7o minhas coisas, sou um livro aberto, n\u00e3o \u00e9 segredo. N\u00e3o \u00e9 minha identidade secreta &#8211; eu sou invenc\u00edvel! Podem entrar na minha casa quando eu estiver dormindo, mas o que possivelmente algu\u00e9m conseguiria com isso? Por ser eu quem sou, nada me det\u00e9m e, apesar de n\u00e3o ser especialmente forte ou saber lutar qualquer luta, n\u00e3o vou parar at\u00e9 que, se preciso for, eu fizer o oponente parar. Eu venho desde sempre e seguirei para al\u00e9m das previs\u00f5es. Eu sou irreverente, irreproduz\u00edvel, irrepar\u00e1vel, invenc\u00edvel, intoc\u00e1vel, inquestion\u00e1vel, inquebrant\u00e1vel, inimput\u00e1vel, indescrit\u00edvel, incorrupt\u00edvel, incontest\u00e1vel e indestrut\u00edvel, mas nunca, nunca impune.<\/p>\n","protected":false},"excerpt":{"rendered":"<p>Eu sou invenc\u00edvel, portanto, fa\u00e7o o que quero. N\u00e3o tenho \u2026<\/p>\n<p class=\"continue-reading-button\"> <a class=\"continue-reading-link\" href=\"https:\/\/www.tgreguol.com.br\/blog\/vini-vidi-vici\/\">Leia Mais<i class=\"crycon-right-dir\"><\/i><\/a><\/p>\n","protected":false},"author":1,"featured_media":0,"parent":0,"menu_order":0,"comment_status":"closed","ping_status":"closed","template":"","meta":{"nf_dc_page":"","_exactmetrics_skip_tracking":false,"_exactmetrics_sitenote_active":false,"_exactmetrics_sitenote_note":"","_exactmetrics_sitenote_category":0,"footnotes":""},"class_list":["post-1271","page","type-page","status-publish","hentry"],"yoast_head":"<!-- This site is optimized with the Yoast SEO plugin v27.5 - https:\/\/yoast.com\/product\/yoast-seo-wordpress\/ -->\n<title>Vini Vidi Vinci - T. Greguol<\/title>\n<meta name=\"robots\" content=\"index, follow, max-snippet:-1, max-image-preview:large, max-video-preview:-1\" \/>\n<link rel=\"canonical\" href=\"https:\/\/www.tgreguol.com.br\/blog\/vini-vidi-vici\/\" \/>\n<meta property=\"og:locale\" content=\"pt_BR\" \/>\n<meta property=\"og:type\" content=\"article\" \/>\n<meta property=\"og:title\" content=\"Vini Vidi Vinci - T. Greguol\" \/>\n<meta property=\"og:description\" content=\"Eu sou invenc\u00edvel, portanto, fa\u00e7o o que quero. N\u00e3o tenho \u2026 Leia Mais\" \/>\n<meta property=\"og:url\" content=\"https:\/\/www.tgreguol.com.br\/blog\/vini-vidi-vici\/\" \/>\n<meta property=\"og:site_name\" content=\"T. Greguol\" \/>\n<meta property=\"article:publisher\" content=\"https:\/\/www.facebook.com\/tgreguol\" \/>\n<meta property=\"article:modified_time\" content=\"2016-02-15T21:32:32+00:00\" \/>\n<meta name=\"twitter:card\" content=\"summary_large_image\" \/>\n<meta name=\"twitter:site\" content=\"@katarse\" \/>\n<meta name=\"twitter:label1\" content=\"Est. tempo de leitura\" \/>\n\t<meta name=\"twitter:data1\" content=\"1 minuto\" \/>\n<script type=\"application\/ld+json\" class=\"yoast-schema-graph\">{\"@context\":\"https:\\\/\\\/schema.org\",\"@graph\":[{\"@type\":\"WebPage\",\"@id\":\"https:\\\/\\\/www.tgreguol.com.br\\\/blog\\\/vini-vidi-vici\\\/\",\"url\":\"https:\\\/\\\/www.tgreguol.com.br\\\/blog\\\/vini-vidi-vici\\\/\",\"name\":\"Vini Vidi Vinci - T. Greguol\",\"isPartOf\":{\"@id\":\"https:\\\/\\\/www.tgreguol.com.br\\\/blog\\\/#website\"},\"datePublished\":\"2016-01-29T22:03:00+00:00\",\"dateModified\":\"2016-02-15T21:32:32+00:00\",\"breadcrumb\":{\"@id\":\"https:\\\/\\\/www.tgreguol.com.br\\\/blog\\\/vini-vidi-vici\\\/#breadcrumb\"},\"inLanguage\":\"pt-BR\",\"potentialAction\":[{\"@type\":\"ReadAction\",\"target\":[\"https:\\\/\\\/www.tgreguol.com.br\\\/blog\\\/vini-vidi-vici\\\/\"]}]},{\"@type\":\"BreadcrumbList\",\"@id\":\"https:\\\/\\\/www.tgreguol.com.br\\\/blog\\\/vini-vidi-vici\\\/#breadcrumb\",\"itemListElement\":[{\"@type\":\"ListItem\",\"position\":1,\"name\":\"In\u00edcio\",\"item\":\"https:\\\/\\\/www.tgreguol.com.br\\\/blog\\\/\"},{\"@type\":\"ListItem\",\"position\":2,\"name\":\"Vini Vidi Vinci\"}]},{\"@type\":\"WebSite\",\"@id\":\"https:\\\/\\\/www.tgreguol.com.br\\\/blog\\\/#website\",\"url\":\"https:\\\/\\\/www.tgreguol.com.br\\\/blog\\\/\",\"name\":\"T. Greguol\",\"description\":\"Imaginador\",\"potentialAction\":[{\"@type\":\"SearchAction\",\"target\":{\"@type\":\"EntryPoint\",\"urlTemplate\":\"https:\\\/\\\/www.tgreguol.com.br\\\/blog\\\/?s={search_term_string}\"},\"query-input\":{\"@type\":\"PropertyValueSpecification\",\"valueRequired\":true,\"valueName\":\"search_term_string\"}}],\"inLanguage\":\"pt-BR\"}]}<\/script>\n<!-- \/ Yoast SEO plugin. -->","yoast_head_json":{"title":"Vini Vidi Vinci - T. Greguol","robots":{"index":"index","follow":"follow","max-snippet":"max-snippet:-1","max-image-preview":"max-image-preview:large","max-video-preview":"max-video-preview:-1"},"canonical":"https:\/\/www.tgreguol.com.br\/blog\/vini-vidi-vici\/","og_locale":"pt_BR","og_type":"article","og_title":"Vini Vidi Vinci - T. Greguol","og_description":"Eu sou invenc\u00edvel, portanto, fa\u00e7o o que quero. N\u00e3o tenho \u2026 Leia Mais","og_url":"https:\/\/www.tgreguol.com.br\/blog\/vini-vidi-vici\/","og_site_name":"T. Greguol","article_publisher":"https:\/\/www.facebook.com\/tgreguol","article_modified_time":"2016-02-15T21:32:32+00:00","twitter_card":"summary_large_image","twitter_site":"@katarse","twitter_misc":{"Est. tempo de leitura":"1 minuto"},"schema":{"@context":"https:\/\/schema.org","@graph":[{"@type":"WebPage","@id":"https:\/\/www.tgreguol.com.br\/blog\/vini-vidi-vici\/","url":"https:\/\/www.tgreguol.com.br\/blog\/vini-vidi-vici\/","name":"Vini Vidi Vinci - T. Greguol","isPartOf":{"@id":"https:\/\/www.tgreguol.com.br\/blog\/#website"},"datePublished":"2016-01-29T22:03:00+00:00","dateModified":"2016-02-15T21:32:32+00:00","breadcrumb":{"@id":"https:\/\/www.tgreguol.com.br\/blog\/vini-vidi-vici\/#breadcrumb"},"inLanguage":"pt-BR","potentialAction":[{"@type":"ReadAction","target":["https:\/\/www.tgreguol.com.br\/blog\/vini-vidi-vici\/"]}]},{"@type":"BreadcrumbList","@id":"https:\/\/www.tgreguol.com.br\/blog\/vini-vidi-vici\/#breadcrumb","itemListElement":[{"@type":"ListItem","position":1,"name":"In\u00edcio","item":"https:\/\/www.tgreguol.com.br\/blog\/"},{"@type":"ListItem","position":2,"name":"Vini Vidi Vinci"}]},{"@type":"WebSite","@id":"https:\/\/www.tgreguol.com.br\/blog\/#website","url":"https:\/\/www.tgreguol.com.br\/blog\/","name":"T. Greguol","description":"Imaginador","potentialAction":[{"@type":"SearchAction","target":{"@type":"EntryPoint","urlTemplate":"https:\/\/www.tgreguol.com.br\/blog\/?s={search_term_string}"},"query-input":{"@type":"PropertyValueSpecification","valueRequired":true,"valueName":"search_term_string"}}],"inLanguage":"pt-BR"}]}},"_links":{"self":[{"href":"https:\/\/www.tgreguol.com.br\/blog\/wp-json\/wp\/v2\/pages\/1271","targetHints":{"allow":["GET"]}}],"collection":[{"href":"https:\/\/www.tgreguol.com.br\/blog\/wp-json\/wp\/v2\/pages"}],"about":[{"href":"https:\/\/www.tgreguol.com.br\/blog\/wp-json\/wp\/v2\/types\/page"}],"author":[{"embeddable":true,"href":"https:\/\/www.tgreguol.com.br\/blog\/wp-json\/wp\/v2\/users\/1"}],"replies":[{"embeddable":true,"href":"https:\/\/www.tgreguol.com.br\/blog\/wp-json\/wp\/v2\/comments?post=1271"}],"version-history":[{"count":3,"href":"https:\/\/www.tgreguol.com.br\/blog\/wp-json\/wp\/v2\/pages\/1271\/revisions"}],"predecessor-version":[{"id":1453,"href":"https:\/\/www.tgreguol.com.br\/blog\/wp-json\/wp\/v2\/pages\/1271\/revisions\/1453"}],"wp:attachment":[{"href":"https:\/\/www.tgreguol.com.br\/blog\/wp-json\/wp\/v2\/media?parent=1271"}],"curies":[{"name":"wp","href":"https:\/\/api.w.org\/{rel}","templated":true}]}}