{"id":1268,"date":"2016-01-29T21:59:53","date_gmt":"2016-01-29T21:59:53","guid":{"rendered":"https:\/\/www.tgreguol.com.br\/blog\/?page_id=1268"},"modified":"2016-02-15T18:13:08","modified_gmt":"2016-02-15T18:13:08","slug":"interrogatorio","status":"publish","type":"page","link":"https:\/\/www.tgreguol.com.br\/blog\/interrogatorio\/","title":{"rendered":"Interrogat\u00f3rio"},"content":{"rendered":"<p style=\"text-align: justify;\">&#8211; Antes de vir para a institui\u00e7\u00e3o, ele era um campe\u00e3o de alguma coisa. Desculpe-me pela ignor\u00e2ncia, mas nunca estive por dentro do mundo ol\u00edmpico. Aos vinte e cinco anos, no auge da fama, abandonou as competi\u00e7\u00f5es e veio lecionar no curso, e era apenas isso que sab\u00edamos dele. Bem, pelo menos foi o que me disseram quando entrei aqui h\u00e1 dois anos. Provavelmente n\u00e3o era a \u00fanica pessoa que o achava estranho, apesar de ser simp\u00e1tico e me parecer honesto, trabalhador. Os alunos gostavam muito dele. Tinha cara de quem preferia guardar as coisas para si mesmo. Agora, sinceramente n\u00e3o sei o que pensar!<br \/>\nTerminado o interrogat\u00f3rio, a pessoa levanta-se, caminha aliviada para fora da sala de depoimento e, com passos decididos, vai at\u00e9 seu carro. Dirige at\u00e9 um pequeno apartamento no centro. Chegando ao andar desejado, \u00e9 atendida por uma senhora de idade que pergunta com ansiedade, beirando o p\u00e2nico:<br \/>\n&#8211; Fez? Voc\u00ea fez a sua parte?<br \/>\nA pessoa h\u00e1 pouco interrogada saca uma arma com silenciador, descarrega na senhora e responde limpando o queixo: \u201cFiz, agora tente fazer a sua&#8230;\u201d.<\/p>\n","protected":false},"excerpt":{"rendered":"<p>&#8211; Antes de vir para a institui\u00e7\u00e3o, ele era um \u2026<\/p>\n<p class=\"continue-reading-button\"> <a class=\"continue-reading-link\" href=\"https:\/\/www.tgreguol.com.br\/blog\/interrogatorio\/\">Leia Mais<i class=\"crycon-right-dir\"><\/i><\/a><\/p>\n","protected":false},"author":1,"featured_media":0,"parent":0,"menu_order":0,"comment_status":"closed","ping_status":"closed","template":"","meta":{"nf_dc_page":"","_exactmetrics_skip_tracking":false,"_exactmetrics_sitenote_active":false,"_exactmetrics_sitenote_note":"","_exactmetrics_sitenote_category":0,"footnotes":""},"class_list":["post-1268","page","type-page","status-publish","hentry"],"yoast_head":"<!-- This site is optimized with the Yoast SEO plugin v27.5 - https:\/\/yoast.com\/product\/yoast-seo-wordpress\/ -->\n<title>Interrogat\u00f3rio - T. Greguol<\/title>\n<meta name=\"robots\" content=\"index, follow, max-snippet:-1, max-image-preview:large, max-video-preview:-1\" \/>\n<link rel=\"canonical\" href=\"https:\/\/www.tgreguol.com.br\/blog\/interrogatorio\/\" \/>\n<meta property=\"og:locale\" content=\"pt_BR\" \/>\n<meta property=\"og:type\" content=\"article\" \/>\n<meta property=\"og:title\" content=\"Interrogat\u00f3rio - T. Greguol\" \/>\n<meta property=\"og:description\" content=\"&#8211; Antes de vir para a institui\u00e7\u00e3o, ele era um \u2026 Leia Mais\" \/>\n<meta property=\"og:url\" content=\"https:\/\/www.tgreguol.com.br\/blog\/interrogatorio\/\" \/>\n<meta property=\"og:site_name\" content=\"T. Greguol\" \/>\n<meta property=\"article:publisher\" content=\"https:\/\/www.facebook.com\/tgreguol\" \/>\n<meta property=\"article:modified_time\" content=\"2016-02-15T18:13:08+00:00\" \/>\n<meta name=\"twitter:card\" content=\"summary_large_image\" \/>\n<meta name=\"twitter:site\" content=\"@katarse\" \/>\n<meta name=\"twitter:label1\" content=\"Est. tempo de leitura\" \/>\n\t<meta name=\"twitter:data1\" content=\"1 minuto\" \/>\n<script type=\"application\/ld+json\" class=\"yoast-schema-graph\">{\"@context\":\"https:\\\/\\\/schema.org\",\"@graph\":[{\"@type\":\"WebPage\",\"@id\":\"https:\\\/\\\/www.tgreguol.com.br\\\/blog\\\/interrogatorio\\\/\",\"url\":\"https:\\\/\\\/www.tgreguol.com.br\\\/blog\\\/interrogatorio\\\/\",\"name\":\"Interrogat\u00f3rio - T. Greguol\",\"isPartOf\":{\"@id\":\"https:\\\/\\\/www.tgreguol.com.br\\\/blog\\\/#website\"},\"datePublished\":\"2016-01-29T21:59:53+00:00\",\"dateModified\":\"2016-02-15T18:13:08+00:00\",\"breadcrumb\":{\"@id\":\"https:\\\/\\\/www.tgreguol.com.br\\\/blog\\\/interrogatorio\\\/#breadcrumb\"},\"inLanguage\":\"pt-BR\",\"potentialAction\":[{\"@type\":\"ReadAction\",\"target\":[\"https:\\\/\\\/www.tgreguol.com.br\\\/blog\\\/interrogatorio\\\/\"]}]},{\"@type\":\"BreadcrumbList\",\"@id\":\"https:\\\/\\\/www.tgreguol.com.br\\\/blog\\\/interrogatorio\\\/#breadcrumb\",\"itemListElement\":[{\"@type\":\"ListItem\",\"position\":1,\"name\":\"In\u00edcio\",\"item\":\"https:\\\/\\\/www.tgreguol.com.br\\\/blog\\\/\"},{\"@type\":\"ListItem\",\"position\":2,\"name\":\"Interrogat\u00f3rio\"}]},{\"@type\":\"WebSite\",\"@id\":\"https:\\\/\\\/www.tgreguol.com.br\\\/blog\\\/#website\",\"url\":\"https:\\\/\\\/www.tgreguol.com.br\\\/blog\\\/\",\"name\":\"T. Greguol\",\"description\":\"Imaginador\",\"potentialAction\":[{\"@type\":\"SearchAction\",\"target\":{\"@type\":\"EntryPoint\",\"urlTemplate\":\"https:\\\/\\\/www.tgreguol.com.br\\\/blog\\\/?s={search_term_string}\"},\"query-input\":{\"@type\":\"PropertyValueSpecification\",\"valueRequired\":true,\"valueName\":\"search_term_string\"}}],\"inLanguage\":\"pt-BR\"}]}<\/script>\n<!-- \/ Yoast SEO plugin. -->","yoast_head_json":{"title":"Interrogat\u00f3rio - T. Greguol","robots":{"index":"index","follow":"follow","max-snippet":"max-snippet:-1","max-image-preview":"max-image-preview:large","max-video-preview":"max-video-preview:-1"},"canonical":"https:\/\/www.tgreguol.com.br\/blog\/interrogatorio\/","og_locale":"pt_BR","og_type":"article","og_title":"Interrogat\u00f3rio - T. Greguol","og_description":"&#8211; Antes de vir para a institui\u00e7\u00e3o, ele era um \u2026 Leia Mais","og_url":"https:\/\/www.tgreguol.com.br\/blog\/interrogatorio\/","og_site_name":"T. Greguol","article_publisher":"https:\/\/www.facebook.com\/tgreguol","article_modified_time":"2016-02-15T18:13:08+00:00","twitter_card":"summary_large_image","twitter_site":"@katarse","twitter_misc":{"Est. tempo de leitura":"1 minuto"},"schema":{"@context":"https:\/\/schema.org","@graph":[{"@type":"WebPage","@id":"https:\/\/www.tgreguol.com.br\/blog\/interrogatorio\/","url":"https:\/\/www.tgreguol.com.br\/blog\/interrogatorio\/","name":"Interrogat\u00f3rio - T. Greguol","isPartOf":{"@id":"https:\/\/www.tgreguol.com.br\/blog\/#website"},"datePublished":"2016-01-29T21:59:53+00:00","dateModified":"2016-02-15T18:13:08+00:00","breadcrumb":{"@id":"https:\/\/www.tgreguol.com.br\/blog\/interrogatorio\/#breadcrumb"},"inLanguage":"pt-BR","potentialAction":[{"@type":"ReadAction","target":["https:\/\/www.tgreguol.com.br\/blog\/interrogatorio\/"]}]},{"@type":"BreadcrumbList","@id":"https:\/\/www.tgreguol.com.br\/blog\/interrogatorio\/#breadcrumb","itemListElement":[{"@type":"ListItem","position":1,"name":"In\u00edcio","item":"https:\/\/www.tgreguol.com.br\/blog\/"},{"@type":"ListItem","position":2,"name":"Interrogat\u00f3rio"}]},{"@type":"WebSite","@id":"https:\/\/www.tgreguol.com.br\/blog\/#website","url":"https:\/\/www.tgreguol.com.br\/blog\/","name":"T. Greguol","description":"Imaginador","potentialAction":[{"@type":"SearchAction","target":{"@type":"EntryPoint","urlTemplate":"https:\/\/www.tgreguol.com.br\/blog\/?s={search_term_string}"},"query-input":{"@type":"PropertyValueSpecification","valueRequired":true,"valueName":"search_term_string"}}],"inLanguage":"pt-BR"}]}},"_links":{"self":[{"href":"https:\/\/www.tgreguol.com.br\/blog\/wp-json\/wp\/v2\/pages\/1268","targetHints":{"allow":["GET"]}}],"collection":[{"href":"https:\/\/www.tgreguol.com.br\/blog\/wp-json\/wp\/v2\/pages"}],"about":[{"href":"https:\/\/www.tgreguol.com.br\/blog\/wp-json\/wp\/v2\/types\/page"}],"author":[{"embeddable":true,"href":"https:\/\/www.tgreguol.com.br\/blog\/wp-json\/wp\/v2\/users\/1"}],"replies":[{"embeddable":true,"href":"https:\/\/www.tgreguol.com.br\/blog\/wp-json\/wp\/v2\/comments?post=1268"}],"version-history":[{"count":3,"href":"https:\/\/www.tgreguol.com.br\/blog\/wp-json\/wp\/v2\/pages\/1268\/revisions"}],"predecessor-version":[{"id":1390,"href":"https:\/\/www.tgreguol.com.br\/blog\/wp-json\/wp\/v2\/pages\/1268\/revisions\/1390"}],"wp:attachment":[{"href":"https:\/\/www.tgreguol.com.br\/blog\/wp-json\/wp\/v2\/media?parent=1268"}],"curies":[{"name":"wp","href":"https:\/\/api.w.org\/{rel}","templated":true}]}}