{"id":1265,"date":"2016-01-29T21:55:31","date_gmt":"2016-01-29T21:55:31","guid":{"rendered":"https:\/\/www.tgreguol.com.br\/blog\/?page_id=1265"},"modified":"2016-02-15T19:40:24","modified_gmt":"2016-02-15T19:40:24","slug":"no-dia-do-meu-casamento","status":"publish","type":"page","link":"https:\/\/www.tgreguol.com.br\/blog\/no-dia-do-meu-casamento\/","title":{"rendered":"No Dia Do Meu Casamento"},"content":{"rendered":"<p style=\"text-align: justify;\">Ao entrar no carro que me levaria \u00e0 igreja no dia do meu casamento pude ver um cachorro urinando na porta da minha casa e ainda pude ouvi-lo uivar ao longe. Isso me lembrou que na noite passada uma coruja pousara sobre a casa do meu vizinho \u00e0 meia-noite e sua sombra tirou meu sono que j\u00e1 \u00e9 leve. A cerim\u00f4nia seguiu tranquila, apesar dos c\u00e3es latindo ali perto, nada demais. Na festa do casamento derramei o sal sobre a mesa sem querer e um gato preto cruzou o sal\u00e3o miando consecutivamente; infelizmente ningu\u00e9m o pegou no colo, pois estavam preocupados com alguns pombos que invadiram a festa, provavelmente fugindo de um pombal. Minha (agora) esposa, ao retocar a maquiagem para as fotos, acabou quebrando o espelho, pois assustou-se ao ver uma r\u00e3 no jardim da casa em que est\u00e1vamos celebrando naquela sexta-feira, 13. No entanto, nossa vida de casados foi tranquila, alegre e feliz. Claro, nem sempre se pode ser feliz todos os momentos, mas foi tudo bem tranquilo.<\/p>\n","protected":false},"excerpt":{"rendered":"<p>Ao entrar no carro que me levaria \u00e0 igreja no \u2026<\/p>\n<p class=\"continue-reading-button\"> <a class=\"continue-reading-link\" href=\"https:\/\/www.tgreguol.com.br\/blog\/no-dia-do-meu-casamento\/\">Leia Mais<i class=\"crycon-right-dir\"><\/i><\/a><\/p>\n","protected":false},"author":1,"featured_media":0,"parent":0,"menu_order":0,"comment_status":"closed","ping_status":"closed","template":"","meta":{"nf_dc_page":"","_exactmetrics_skip_tracking":false,"_exactmetrics_sitenote_active":false,"_exactmetrics_sitenote_note":"","_exactmetrics_sitenote_category":0,"footnotes":""},"class_list":["post-1265","page","type-page","status-publish","hentry"],"yoast_head":"<!-- This site is optimized with the Yoast SEO plugin v27.5 - https:\/\/yoast.com\/product\/yoast-seo-wordpress\/ -->\n<title>No Dia Do Meu Casamento - T. Greguol<\/title>\n<meta name=\"robots\" content=\"index, follow, max-snippet:-1, max-image-preview:large, max-video-preview:-1\" \/>\n<link rel=\"canonical\" href=\"https:\/\/www.tgreguol.com.br\/blog\/no-dia-do-meu-casamento\/\" \/>\n<meta property=\"og:locale\" content=\"pt_BR\" \/>\n<meta property=\"og:type\" content=\"article\" \/>\n<meta property=\"og:title\" content=\"No Dia Do Meu Casamento - T. Greguol\" \/>\n<meta property=\"og:description\" content=\"Ao entrar no carro que me levaria \u00e0 igreja no \u2026 Leia Mais\" \/>\n<meta property=\"og:url\" content=\"https:\/\/www.tgreguol.com.br\/blog\/no-dia-do-meu-casamento\/\" \/>\n<meta property=\"og:site_name\" content=\"T. Greguol\" \/>\n<meta property=\"article:publisher\" content=\"https:\/\/www.facebook.com\/tgreguol\" \/>\n<meta property=\"article:modified_time\" content=\"2016-02-15T19:40:24+00:00\" \/>\n<meta name=\"twitter:card\" content=\"summary_large_image\" \/>\n<meta name=\"twitter:site\" content=\"@katarse\" \/>\n<meta name=\"twitter:label1\" content=\"Est. tempo de leitura\" \/>\n\t<meta name=\"twitter:data1\" content=\"1 minuto\" \/>\n<script type=\"application\/ld+json\" class=\"yoast-schema-graph\">{\"@context\":\"https:\\\/\\\/schema.org\",\"@graph\":[{\"@type\":\"WebPage\",\"@id\":\"https:\\\/\\\/www.tgreguol.com.br\\\/blog\\\/no-dia-do-meu-casamento\\\/\",\"url\":\"https:\\\/\\\/www.tgreguol.com.br\\\/blog\\\/no-dia-do-meu-casamento\\\/\",\"name\":\"No Dia Do Meu Casamento - T. Greguol\",\"isPartOf\":{\"@id\":\"https:\\\/\\\/www.tgreguol.com.br\\\/blog\\\/#website\"},\"datePublished\":\"2016-01-29T21:55:31+00:00\",\"dateModified\":\"2016-02-15T19:40:24+00:00\",\"breadcrumb\":{\"@id\":\"https:\\\/\\\/www.tgreguol.com.br\\\/blog\\\/no-dia-do-meu-casamento\\\/#breadcrumb\"},\"inLanguage\":\"pt-BR\",\"potentialAction\":[{\"@type\":\"ReadAction\",\"target\":[\"https:\\\/\\\/www.tgreguol.com.br\\\/blog\\\/no-dia-do-meu-casamento\\\/\"]}]},{\"@type\":\"BreadcrumbList\",\"@id\":\"https:\\\/\\\/www.tgreguol.com.br\\\/blog\\\/no-dia-do-meu-casamento\\\/#breadcrumb\",\"itemListElement\":[{\"@type\":\"ListItem\",\"position\":1,\"name\":\"In\u00edcio\",\"item\":\"https:\\\/\\\/www.tgreguol.com.br\\\/blog\\\/\"},{\"@type\":\"ListItem\",\"position\":2,\"name\":\"No Dia Do Meu Casamento\"}]},{\"@type\":\"WebSite\",\"@id\":\"https:\\\/\\\/www.tgreguol.com.br\\\/blog\\\/#website\",\"url\":\"https:\\\/\\\/www.tgreguol.com.br\\\/blog\\\/\",\"name\":\"T. Greguol\",\"description\":\"Imaginador\",\"potentialAction\":[{\"@type\":\"SearchAction\",\"target\":{\"@type\":\"EntryPoint\",\"urlTemplate\":\"https:\\\/\\\/www.tgreguol.com.br\\\/blog\\\/?s={search_term_string}\"},\"query-input\":{\"@type\":\"PropertyValueSpecification\",\"valueRequired\":true,\"valueName\":\"search_term_string\"}}],\"inLanguage\":\"pt-BR\"}]}<\/script>\n<!-- \/ Yoast SEO plugin. -->","yoast_head_json":{"title":"No Dia Do Meu Casamento - T. Greguol","robots":{"index":"index","follow":"follow","max-snippet":"max-snippet:-1","max-image-preview":"max-image-preview:large","max-video-preview":"max-video-preview:-1"},"canonical":"https:\/\/www.tgreguol.com.br\/blog\/no-dia-do-meu-casamento\/","og_locale":"pt_BR","og_type":"article","og_title":"No Dia Do Meu Casamento - T. Greguol","og_description":"Ao entrar no carro que me levaria \u00e0 igreja no \u2026 Leia Mais","og_url":"https:\/\/www.tgreguol.com.br\/blog\/no-dia-do-meu-casamento\/","og_site_name":"T. Greguol","article_publisher":"https:\/\/www.facebook.com\/tgreguol","article_modified_time":"2016-02-15T19:40:24+00:00","twitter_card":"summary_large_image","twitter_site":"@katarse","twitter_misc":{"Est. tempo de leitura":"1 minuto"},"schema":{"@context":"https:\/\/schema.org","@graph":[{"@type":"WebPage","@id":"https:\/\/www.tgreguol.com.br\/blog\/no-dia-do-meu-casamento\/","url":"https:\/\/www.tgreguol.com.br\/blog\/no-dia-do-meu-casamento\/","name":"No Dia Do Meu Casamento - T. Greguol","isPartOf":{"@id":"https:\/\/www.tgreguol.com.br\/blog\/#website"},"datePublished":"2016-01-29T21:55:31+00:00","dateModified":"2016-02-15T19:40:24+00:00","breadcrumb":{"@id":"https:\/\/www.tgreguol.com.br\/blog\/no-dia-do-meu-casamento\/#breadcrumb"},"inLanguage":"pt-BR","potentialAction":[{"@type":"ReadAction","target":["https:\/\/www.tgreguol.com.br\/blog\/no-dia-do-meu-casamento\/"]}]},{"@type":"BreadcrumbList","@id":"https:\/\/www.tgreguol.com.br\/blog\/no-dia-do-meu-casamento\/#breadcrumb","itemListElement":[{"@type":"ListItem","position":1,"name":"In\u00edcio","item":"https:\/\/www.tgreguol.com.br\/blog\/"},{"@type":"ListItem","position":2,"name":"No Dia Do Meu Casamento"}]},{"@type":"WebSite","@id":"https:\/\/www.tgreguol.com.br\/blog\/#website","url":"https:\/\/www.tgreguol.com.br\/blog\/","name":"T. Greguol","description":"Imaginador","potentialAction":[{"@type":"SearchAction","target":{"@type":"EntryPoint","urlTemplate":"https:\/\/www.tgreguol.com.br\/blog\/?s={search_term_string}"},"query-input":{"@type":"PropertyValueSpecification","valueRequired":true,"valueName":"search_term_string"}}],"inLanguage":"pt-BR"}]}},"_links":{"self":[{"href":"https:\/\/www.tgreguol.com.br\/blog\/wp-json\/wp\/v2\/pages\/1265","targetHints":{"allow":["GET"]}}],"collection":[{"href":"https:\/\/www.tgreguol.com.br\/blog\/wp-json\/wp\/v2\/pages"}],"about":[{"href":"https:\/\/www.tgreguol.com.br\/blog\/wp-json\/wp\/v2\/types\/page"}],"author":[{"embeddable":true,"href":"https:\/\/www.tgreguol.com.br\/blog\/wp-json\/wp\/v2\/users\/1"}],"replies":[{"embeddable":true,"href":"https:\/\/www.tgreguol.com.br\/blog\/wp-json\/wp\/v2\/comments?post=1265"}],"version-history":[{"count":3,"href":"https:\/\/www.tgreguol.com.br\/blog\/wp-json\/wp\/v2\/pages\/1265\/revisions"}],"predecessor-version":[{"id":1409,"href":"https:\/\/www.tgreguol.com.br\/blog\/wp-json\/wp\/v2\/pages\/1265\/revisions\/1409"}],"wp:attachment":[{"href":"https:\/\/www.tgreguol.com.br\/blog\/wp-json\/wp\/v2\/media?parent=1265"}],"curies":[{"name":"wp","href":"https:\/\/api.w.org\/{rel}","templated":true}]}}