{"id":1252,"date":"2016-01-29T21:47:20","date_gmt":"2016-01-29T21:47:20","guid":{"rendered":"https:\/\/www.tgreguol.com.br\/blog\/?page_id=1252"},"modified":"2016-02-15T21:59:04","modified_gmt":"2016-02-15T21:59:04","slug":"whatever","status":"publish","type":"page","link":"https:\/\/www.tgreguol.com.br\/blog\/whatever\/","title":{"rendered":"Whatever"},"content":{"rendered":"<p style=\"text-align: justify;\">&#8230; E as luzes roxas, laranja e \u00e0s vezes, me parece, pretas&#8230; Mas a l\u00f3gica me diz que n\u00e3o existem luzes pretas na escurid\u00e3o ou elas n\u00e3o seriam vistas&#8230; E tamb\u00e9m n\u00e3o seriam chamadas de luz e sim de breu&#8230; E o som \u00e9 abafado e o som \u00e9 preto&#8230;<br \/>\nSinto-me bem enquanto estou parado. Algo me diz que preciso sair daqui&#8230; Ir&#8230; Embora? Embora para onde? De onde? Agora me movo e noto que minha cabe\u00e7a d\u00f3i loucamente, e o pesco\u00e7o. A cabe\u00e7a deve ser ressaca, falta de \u00e1gua, \u00e1lcool de barriga vazia&#8230; O pesco\u00e7o deve ser da posi\u00e7\u00e3o em que eu estava dormindo. Ser\u00e1 que eu estava dormindo ou tinha desmaiado? Ser\u00e1 que me carregaram? Que tipo de gente que ajuda um inconsciente o colocaria no ch\u00e3o \u00famido? Deliberadamente eu desmaiei aqui; agora que me olho no espelho vejo um pouquinho de sangue seco que escorreu do meu nariz&#8230; E como o maldito d\u00f3i! Deixe-me conferir o que mais est\u00e1 errado&#8230; Carteira aqui, chaves aqui, roupa \u00famida&#8230; Imagino do qu\u00ea&#8230; \u00c9 uma judia\u00e7\u00e3o o que fazem com essas casas em festas&#8230; E a julgar pelo banheiro, essa casa \u00e9 antiga, grande e bem cuidada&#8230; Uma judia\u00e7\u00e3o. Belo trinco, porta pesada&#8230; Meu Deus, como essa m\u00fasica \u00e9 barulhenta&#8230; Essas luzes de novo&#8230; Elas rodam, rodam, rodam&#8230; Pelo menos n\u00e3o sinto mais n\u00e1usea&#8230; Ser\u00e1 que v\u00e3o perceber que eu mijei em mim mesmo? Ser\u00e1 que esse mijo \u00e9 meu ou estava no ch\u00e3o?<br \/>\n&#8211; Whatever&#8230;<br \/>\nFui eu mesmo que disse isso&#8230; Que h\u00e1bito besta&#8230; Mas eu nem sei o que fa\u00e7o mesmo&#8230; Quem se importa em apoiar a l\u00edngua dos dominantes&#8230; Ser\u00e1 que eu falei isso alto? O pessoal aqui \u00e9 decadente&#8230; Olha essas roupas&#8230; Aquela \u00e9 bonitinha&#8230; Ah, chega de l\u00e9sbicas&#8230; Onde foram parar as pessoas normais&#8230; Pelo menos as bissexuais&#8230; Ser\u00e1 que eu falei isso alto? Ser\u00e1 que estou sorrindo?<br \/>\n&#8211; Whatever&#8230;<br \/>\nEsse fui eu, consciente de meu anglicismo vendido&#8230; Meu&#8230; Como eu vim parar aqui? Essas luzes n\u00e3o param, essa m\u00fasica n\u00e3o para&#8230; E as pessoas parecem amontoadas no sof\u00e1&#8230; Parecem que est\u00e3o segurando as colunas&#8230; Poxa vida, que pessoal estranho&#8230; Eu n\u00e3o sou daqui&#8230; Onde quer que aqui seja&#8230; Meu nariz t\u00e1 doendo, preciso ir pra casa&#8230; Dane-se a carona, eu vou embora&#8230; Deve ser por aqui&#8230; Ser\u00e1 que tem que pagar? Ser\u00e1 que eu falei isso alto?<br \/>\n&#8211; Whatever&#8230;<br \/>\nAh, uma luz fixa! \u00c9 ali mesmo&#8230; \u00c9 ali mesmo&#8230; Luz amarelada, caseira, igual \u00e0 da sala da minha casa. Ah, minha casa&#8230; Minha cama, desarrumada, mas minha. N\u00e3o h\u00e1 nada melhor que minha casa&#8230;<br \/>\nM\u00fasica mais baixa, vis\u00e3o mais definida, um vaso. Um vaso! Que divertido, no meio dessa barb\u00e1rie, dessa putaria sem fim (pelo menos vou descrever assim quando for contar sobre onde vim parar hoje) encontro um vaso com&#8230; Trigo? Isso \u00e9 demais&#8230; Essa eu falei alto, sim! Acho que est\u00e1 tudo melhorando &#8211; vejamos, onde estou? Bom, fica pra mais tarde, n\u00e3o lembro ainda&#8230; Nossa, que hall gigante, n\u00e3o chego nunca \u00e0 porta&#8230; Nossa! N\u00e3o \u00e9 a porta de sa\u00edda, \u00e9 um elevador! O vaso com trigo est\u00e1 do lado da porta do elevador! Igual no apartamento da minha tia&#8230; Hahahaha, isso est\u00e1 ficando f\u00e1cil&#8230; Ai, ai&#8230; M&#8230; Elevador demorado&#8230; Ser\u00e1 que esse elevador faz plim quando chega? N\u00e3o faz. Mas a porta faz vuuuch&#8230; Hehehe&#8230; Deixa eu entrar aqui e descobrir a quantos andares do ch\u00e3o eu me&#8230; Opa! Tem gente do meu lado! De preto como todo mundo aqui&#8230; Magra e alta como todo mundo aqui&#8230; Magra&#8230; \u00c9 mulher&#8230; Mmm&#8230; Est\u00e1 entrando comigo no elevador, ent\u00e3o deve estar indo embora tamb\u00e9m. Ser\u00e1? N\u00e3o custa nada tentar&#8230; Acho que o mijo em mim n\u00e3o \u00e9 meu mesmo&#8230; Nossa, que linda&#8230; Ser\u00e1 que eu disse isso em voz alta?<br \/>\n&#8211; Whatever&#8230;<br \/>\nOps, ela me olhou em d\u00favida&#8230; Alguma coisa eu disse em voz alta &#8211; que mico!<br \/>\n&#8211; Em&#8230; Am&#8230; Voc\u00ea&#8230; (Nossa, como posso pensar, mas n\u00e3o saber nenhuma palavra?) &#8230; Eu&#8230; (Vou sorrir pra ver se ela nota que estou em dificuldades) &#8230; Am&#8230; (Ah, que bom, ela sorriu de volta) &#8230; Voc\u00ea saberia me dizer&#8230; Onde \u00e9&#8230; Onde fica&#8230; A porta de sa\u00edda? Tipo&#8230; (Olha s\u00f3, ela sorriu de novo, que linda quando sorri) &#8230; \u00c9 que eu, sabe, t\u00f4&#8230; (Bobo) &#8230; meio mal&#8230; (Idiota) &#8230; Nunca vim aqui! (Ela sorriu de novo! Nossa, vou bater um recorde, vou catar uma mina mijado&#8230; Agora o mijo pode at\u00e9 ser meu!)<br \/>\nA porta abriu &#8211; ser\u00e1 que ela vai me levar pra porta ou me dar uma carona? Eu seguiria esse sorriso at\u00e9 a Vila Carr\u00e3o&#8230; Se \u00e9 que j\u00e1 n\u00e3o estou na Vila Carr\u00e3o&#8230; Ops, devo ter dito isso alto, porque ela olhou de novo pra mim&#8230; Bom, vou segui-la de qualquer forma&#8230; Ela tem o andar firme, deve saber a sa\u00edda&#8230;<br \/>\n&#8211; Voc\u00ea&#8230; Am&#8230; Poderia me dar carona? Acho que estou pior do que imaginava&#8230;<br \/>\nQue sorriso. Nossa, t\u00e1 frio.<br \/>\n&#8211; Cad\u00ea o seu carro?<br \/>\nPrecipitei-me. Que carro bonito&#8230; Ser\u00e1 que n\u00e3o tem nada aqui que n\u00e3o seja preto? E que banco macio melhor que minha cama&#8230; N\u00e3o quero mais sair daqui&#8230; E o cheiro dela&#8230; Que perfume \u00e9 esse mesmo? Me lembra Natal&#8230; Enfeite de Natal&#8230; Era uma pomba de pl\u00e1stico azul clara com sach\u00ea dentro&#8230; Quero ficar aqui pra sempre&#8230;<br \/>\n&#8211; Voc\u00ea vai&#8230; Pra&#8230; Onde?<br \/>\nAdoro o sorriso dela, mas seria o momento de me dar algum tipo de informa\u00e7\u00e3o&#8230;<br \/>\n&#8211; Hein? Ali\u00e1s&#8230; Onde \u00e9 que fica essa casa?<br \/>\nSer\u00e1 que eu pensei isso? Vou perguntar de novo pra me certificar, mas olha que carro &#8211; como desliza sobre a rua, que embalo, que cheiro bom, que quentinho aqui&#8230; Que sil\u00eancio&#8230;<br \/>\nFrio nas costas, frio e ardor. Agora um pano branco bem na minha cara. Tudo branco. Cheiro de hospital. Espera a\u00ed! Tudo branco, cheiro de hospital&#8230; Cad\u00ea a sorridente? Ser\u00e1 que foi um acidente? Ser\u00e1 que estou deformado? Ou\u00e7o voz de homem. O doutor!<br \/>\n&#8211; Ele j\u00e1 estava anestesiado?<br \/>\nPelo jeito, n\u00e3o! Senti algo nas minhas costas&#8230; E agora uma voz feminina, doce&#8230; Pomba de sach\u00ea de pl\u00e1stico.<br \/>\n&#8211; Sim. N\u00e3o sentir\u00e1 nada.<br \/>\nNossa! N\u00e3o sentirei nada? Isso queima! Muito! Que zumbido \u00e9 esse? Que frio&#8230; Zumbido, frio&#8230; Zumbido frio&#8230; E as luzes roxas, laranja e \u00e0s vezes, me parece, pretas&#8230; Mas a l\u00f3gica me diz que n\u00e3o existem luzes pretas na escurid\u00e3o ou elas n\u00e3o seriam vistas&#8230; E tamb\u00e9m n\u00e3o seriam chamadas de luz e sim de breu&#8230; E o som \u00e9 abafado e o som \u00e9 preto&#8230; Isso queima! Muito!<br \/>\nSer\u00e1 que eu falei isso em voz alta?<br \/>\n&#8211; Whatever&#8230;<\/p>\n","protected":false},"excerpt":{"rendered":"<p>&#8230; E as luzes roxas, laranja e \u00e0s vezes, me \u2026<\/p>\n<p class=\"continue-reading-button\"> <a class=\"continue-reading-link\" href=\"https:\/\/www.tgreguol.com.br\/blog\/whatever\/\">Leia Mais<i class=\"crycon-right-dir\"><\/i><\/a><\/p>\n","protected":false},"author":1,"featured_media":0,"parent":0,"menu_order":0,"comment_status":"closed","ping_status":"closed","template":"","meta":{"nf_dc_page":"","_exactmetrics_skip_tracking":false,"_exactmetrics_sitenote_active":false,"_exactmetrics_sitenote_note":"","_exactmetrics_sitenote_category":0,"footnotes":""},"class_list":["post-1252","page","type-page","status-publish","hentry"],"yoast_head":"<!-- This site is optimized with the Yoast SEO plugin v27.5 - https:\/\/yoast.com\/product\/yoast-seo-wordpress\/ -->\n<title>Whatever - T. Greguol<\/title>\n<meta name=\"robots\" content=\"index, follow, max-snippet:-1, max-image-preview:large, max-video-preview:-1\" \/>\n<link rel=\"canonical\" href=\"https:\/\/www.tgreguol.com.br\/blog\/whatever\/\" \/>\n<meta property=\"og:locale\" content=\"pt_BR\" \/>\n<meta property=\"og:type\" content=\"article\" \/>\n<meta property=\"og:title\" content=\"Whatever - T. Greguol\" \/>\n<meta property=\"og:description\" content=\"&#8230; E as luzes roxas, laranja e \u00e0s vezes, me \u2026 Leia Mais\" \/>\n<meta property=\"og:url\" content=\"https:\/\/www.tgreguol.com.br\/blog\/whatever\/\" \/>\n<meta property=\"og:site_name\" content=\"T. Greguol\" \/>\n<meta property=\"article:publisher\" content=\"https:\/\/www.facebook.com\/tgreguol\" \/>\n<meta property=\"article:modified_time\" content=\"2016-02-15T21:59:04+00:00\" \/>\n<meta name=\"twitter:card\" content=\"summary_large_image\" \/>\n<meta name=\"twitter:site\" content=\"@katarse\" \/>\n<meta name=\"twitter:label1\" content=\"Est. tempo de leitura\" \/>\n\t<meta name=\"twitter:data1\" content=\"6 minutos\" \/>\n<script type=\"application\/ld+json\" class=\"yoast-schema-graph\">{\"@context\":\"https:\\\/\\\/schema.org\",\"@graph\":[{\"@type\":\"WebPage\",\"@id\":\"https:\\\/\\\/www.tgreguol.com.br\\\/blog\\\/whatever\\\/\",\"url\":\"https:\\\/\\\/www.tgreguol.com.br\\\/blog\\\/whatever\\\/\",\"name\":\"Whatever - T. Greguol\",\"isPartOf\":{\"@id\":\"https:\\\/\\\/www.tgreguol.com.br\\\/blog\\\/#website\"},\"datePublished\":\"2016-01-29T21:47:20+00:00\",\"dateModified\":\"2016-02-15T21:59:04+00:00\",\"breadcrumb\":{\"@id\":\"https:\\\/\\\/www.tgreguol.com.br\\\/blog\\\/whatever\\\/#breadcrumb\"},\"inLanguage\":\"pt-BR\",\"potentialAction\":[{\"@type\":\"ReadAction\",\"target\":[\"https:\\\/\\\/www.tgreguol.com.br\\\/blog\\\/whatever\\\/\"]}]},{\"@type\":\"BreadcrumbList\",\"@id\":\"https:\\\/\\\/www.tgreguol.com.br\\\/blog\\\/whatever\\\/#breadcrumb\",\"itemListElement\":[{\"@type\":\"ListItem\",\"position\":1,\"name\":\"In\u00edcio\",\"item\":\"https:\\\/\\\/www.tgreguol.com.br\\\/blog\\\/\"},{\"@type\":\"ListItem\",\"position\":2,\"name\":\"Whatever\"}]},{\"@type\":\"WebSite\",\"@id\":\"https:\\\/\\\/www.tgreguol.com.br\\\/blog\\\/#website\",\"url\":\"https:\\\/\\\/www.tgreguol.com.br\\\/blog\\\/\",\"name\":\"T. Greguol\",\"description\":\"Imaginador\",\"potentialAction\":[{\"@type\":\"SearchAction\",\"target\":{\"@type\":\"EntryPoint\",\"urlTemplate\":\"https:\\\/\\\/www.tgreguol.com.br\\\/blog\\\/?s={search_term_string}\"},\"query-input\":{\"@type\":\"PropertyValueSpecification\",\"valueRequired\":true,\"valueName\":\"search_term_string\"}}],\"inLanguage\":\"pt-BR\"}]}<\/script>\n<!-- \/ Yoast SEO plugin. -->","yoast_head_json":{"title":"Whatever - T. Greguol","robots":{"index":"index","follow":"follow","max-snippet":"max-snippet:-1","max-image-preview":"max-image-preview:large","max-video-preview":"max-video-preview:-1"},"canonical":"https:\/\/www.tgreguol.com.br\/blog\/whatever\/","og_locale":"pt_BR","og_type":"article","og_title":"Whatever - T. Greguol","og_description":"&#8230; E as luzes roxas, laranja e \u00e0s vezes, me \u2026 Leia Mais","og_url":"https:\/\/www.tgreguol.com.br\/blog\/whatever\/","og_site_name":"T. Greguol","article_publisher":"https:\/\/www.facebook.com\/tgreguol","article_modified_time":"2016-02-15T21:59:04+00:00","twitter_card":"summary_large_image","twitter_site":"@katarse","twitter_misc":{"Est. tempo de leitura":"6 minutos"},"schema":{"@context":"https:\/\/schema.org","@graph":[{"@type":"WebPage","@id":"https:\/\/www.tgreguol.com.br\/blog\/whatever\/","url":"https:\/\/www.tgreguol.com.br\/blog\/whatever\/","name":"Whatever - T. Greguol","isPartOf":{"@id":"https:\/\/www.tgreguol.com.br\/blog\/#website"},"datePublished":"2016-01-29T21:47:20+00:00","dateModified":"2016-02-15T21:59:04+00:00","breadcrumb":{"@id":"https:\/\/www.tgreguol.com.br\/blog\/whatever\/#breadcrumb"},"inLanguage":"pt-BR","potentialAction":[{"@type":"ReadAction","target":["https:\/\/www.tgreguol.com.br\/blog\/whatever\/"]}]},{"@type":"BreadcrumbList","@id":"https:\/\/www.tgreguol.com.br\/blog\/whatever\/#breadcrumb","itemListElement":[{"@type":"ListItem","position":1,"name":"In\u00edcio","item":"https:\/\/www.tgreguol.com.br\/blog\/"},{"@type":"ListItem","position":2,"name":"Whatever"}]},{"@type":"WebSite","@id":"https:\/\/www.tgreguol.com.br\/blog\/#website","url":"https:\/\/www.tgreguol.com.br\/blog\/","name":"T. Greguol","description":"Imaginador","potentialAction":[{"@type":"SearchAction","target":{"@type":"EntryPoint","urlTemplate":"https:\/\/www.tgreguol.com.br\/blog\/?s={search_term_string}"},"query-input":{"@type":"PropertyValueSpecification","valueRequired":true,"valueName":"search_term_string"}}],"inLanguage":"pt-BR"}]}},"_links":{"self":[{"href":"https:\/\/www.tgreguol.com.br\/blog\/wp-json\/wp\/v2\/pages\/1252","targetHints":{"allow":["GET"]}}],"collection":[{"href":"https:\/\/www.tgreguol.com.br\/blog\/wp-json\/wp\/v2\/pages"}],"about":[{"href":"https:\/\/www.tgreguol.com.br\/blog\/wp-json\/wp\/v2\/types\/page"}],"author":[{"embeddable":true,"href":"https:\/\/www.tgreguol.com.br\/blog\/wp-json\/wp\/v2\/users\/1"}],"replies":[{"embeddable":true,"href":"https:\/\/www.tgreguol.com.br\/blog\/wp-json\/wp\/v2\/comments?post=1252"}],"version-history":[{"count":3,"href":"https:\/\/www.tgreguol.com.br\/blog\/wp-json\/wp\/v2\/pages\/1252\/revisions"}],"predecessor-version":[{"id":1458,"href":"https:\/\/www.tgreguol.com.br\/blog\/wp-json\/wp\/v2\/pages\/1252\/revisions\/1458"}],"wp:attachment":[{"href":"https:\/\/www.tgreguol.com.br\/blog\/wp-json\/wp\/v2\/media?parent=1252"}],"curies":[{"name":"wp","href":"https:\/\/api.w.org\/{rel}","templated":true}]}}