{"id":1246,"date":"2016-01-29T21:42:23","date_gmt":"2016-01-29T21:42:23","guid":{"rendered":"https:\/\/www.tgreguol.com.br\/blog\/?page_id=1246"},"modified":"2016-02-15T20:25:35","modified_gmt":"2016-02-15T20:25:35","slug":"sabrina","status":"publish","type":"page","link":"https:\/\/www.tgreguol.com.br\/blog\/sabrina\/","title":{"rendered":"Sabrina"},"content":{"rendered":"<p style=\"text-align: justify;\">Sabrina.<br \/>\nN\u00e3o que sua m\u00e3e tivesse lhe dado esse nome, mas era assim que a mo\u00e7a dizia quando se apresentava, desde os catorze anos, desde que come\u00e7ara a ler romances de bolso vendidos em banca de jornal. Agora j\u00e1 nem sabiam seu nome de verdade e ela mesma muitas vezes esquecia. \u00c9 comum.<br \/>\nSabrina ia todo dia para seu trabalho de \u00f4nibus e, ao se aproximar, lembrava como achava divertido o letreiro que tinha como letra inicial algo que poderia ser lido tanto como H como M. Ela chegava \u00e0s 23h e ficava at\u00e9 6h, ent\u00e3o a outra atendente chegava e a rendia. Seu trabalho era simples &#8211; pedir documentos das pessoas que chegavam de carro, descrever assim por cima os quartos se perguntassem, e entregar a chave do que nas pr\u00f3ximas horas seria um ninho de amor ou apenas um antro pecaminoso &#8211; dependendo da sua cren\u00e7a.<br \/>\nSabrina trabalhava muitas vezes acompanhada de Irene (que se chamava Irene mesmo, dizia ela) e, algumas vezes, de Dona M\u00e1rcia. Por\u00e9m, nessa noite a portaria estava totalmente sob sua responsabilidade at\u00e9 a 1h. Irene estava doente, apanhara &#8220;uma friagem brava agora em junho&#8221; e Dona M\u00e1rcia ajudaria em outro departamento at\u00e9 esse hor\u00e1rio. Acontecia \u00e0s vezes, e Sabrina at\u00e9 sentia um pouco de medo ficar ali, naquela cabine durante a noite, numa parte rebaixada da via, olhando para o matagal e a constru\u00e7\u00e3o interditada do outro lado da estrada. A estrada \u00e0 noite era bem escurinha em volta e bem iluminada debaixo das l\u00e2mpadas, mas principalmente solit\u00e1ria.<br \/>\nSabrina atendia alguns telefonemas pedindo para fechar a conta do quarto, lia um pouco dos romances de bolso vendidos em banca de jornal e, claro, atendia os clientes que entravam e sa\u00edam.<br \/>\nEssa noite era uma ter\u00e7a-feira e Dona M\u00e1rcia ainda n\u00e3o tinha chegado para lhe fazer companhia, apesar de j\u00e1 ser 1h15. Sabrina ligou para o escrit\u00f3rio e Seu Borba foi muito grosso com aquela voz de safenado dizendo que Dona M\u00e1rcia &#8220;j\u00e1 ia, j\u00e1, j\u00e1&#8221;. Ao desligar o telefone, ouviu um clique atrasado. Mas um clique quando se coloca o telefone no gancho \u00e9 apenas um clique &#8211; ent\u00e3o, voltou \u00e0 leitura.<br \/>\nUm carro passa, o vento bate e outro clique, dessa vez obviamente do lado de fora da cabine, mas ora bolas, estamos numa estrada e pedrinhas rolam, voltemos a leitura.<br \/>\nOutro clique.<br \/>\nBom, que diabos \u00e9 isso? Sabrina olha para a estrada e o mato balan\u00e7a com o vento.<br \/>\nUm carro chega apressado. Os clientes ali sempre est\u00e3o apressados. \u00c9 quase como ir ao banheiro &#8211; quando chega a hora, chega a hora. &#8220;Um quarto, por favor!&#8221;, disse o mo\u00e7o embriagado sem ter bebido. Ao passarem e a cancela baixar, um sujeitinho pequeno, usando um casac\u00e3o e gorro, se aproxima a p\u00e9. E ele vem chegando, mas n\u00e3o deu para ver de onde.<br \/>\n&#8211; Um quarto, por favor.<br \/>\n&#8211; O senhor est\u00e1 sozinho?<br \/>\n&#8211;<br \/>\n&#8211; Olha senhor, aqui s\u00f3 funciona com quem est\u00e1 de carro ou, no m\u00ednimo, acompanhado.<br \/>\n&#8211;<br \/>\nSabrina tenta ignor\u00e1-lo e voltar a sua leitura.<br \/>\nClique.<br \/>\n&#8211; Senhor, \u00e9 contra a pol\u00edtica da casa receb&#8230;<br \/>\nClique.<br \/>\nEra p\u00e9ssimo, seus p\u00e9s se contra\u00edram imediatamente. O clique do telefone, o clique da pedrinha da estrada, o &#8220;clique&#8221; vinha do homem encapotado a um metro de dist\u00e2ncia dela.<br \/>\nCLIQUE!<br \/>\nEsse clique fora bem alto. Bem alto mesmo.<br \/>\n&#8211; Olha a-aqui, meu senhor, se o senhor n\u00e3o sair daqui vou chamar os seguran\u00e7as do estabelecimento!<br \/>\nCLIQUE!<br \/>\nMeu Deus do c\u00e9u, ser\u00e1 que as c\u00e2meras de seguran\u00e7a n\u00e3o viam o homenzinho ali, ao lado dela, amea\u00e7ador, encarando-a vidrado, fazendo aquele som horr\u00edvel.<br \/>\n&#8211; Olha&#8230;<br \/>\nEle se aproxima mais com uma passada, Sabrina chega a dilatar as narinas e levantar a parte do l\u00e1bio superior. Ela pode sentir o suor nas costas e aquela tens\u00e3o ali em cima, depois da testa.<br \/>\n&#8211; Um quarto, por favor. Um quarto, por favor.<br \/>\nSabrina agarra no peitoral da cabine pela parte de dentro, seu pesco\u00e7o d\u00f3i e a boca seca. Nada disso pode estar acontecendo, n\u00e3o pode estar aconte&#8230;<br \/>\nCLIIIIIQUE!<br \/>\nToda a l\u00f3gica some de vez. Ela se abaixa dentro da cabine, suando pelas t\u00eamporas, pelos l\u00e1bios, as bochechas&#8230; Ser\u00e1 que n\u00e3o poderia chegar? Ningu\u00e9m? E a seguran\u00e7a n\u00e3o via isso? Ser\u00e1 que ele a agarraria se ela levantasse a m\u00e3o para telefonar? Ser\u00e1 que ele estaria chegando mais perto?<br \/>\nCLIIIIIIQUEEEEEE!<br \/>\n&#8211; Um quarto, por favor.<br \/>\nEra impress\u00e3o ou a voz dele era cada vez mais \u00famida e&#8230; Pr\u00f3xima. Sabrina fechou os olhos apertados, apertou as m\u00e3os contra a parede e tencionou os dedos do p\u00e9 dentro dos sapatinhos de salto alto. Ela sentia falta de ar, certamente, pois estava chorando muito e n\u00e3o havia notado. Ela s\u00f3 queria alcan\u00e7ar o telefone.<br \/>\nSe Sabrina estivesse de olhos abertos ela teria visto a sombra do bra\u00e7o do homem \u00famido entrando pela janela e teria visto tamb\u00e9m suas m\u00e3os enrugadas e secas quando a manga do casaco enroscou na janelinha da cabine.<br \/>\nMas ela n\u00e3o teria visto muito mais do que isso.<\/p>\n","protected":false},"excerpt":{"rendered":"<p>Sabrina. N\u00e3o que sua m\u00e3e tivesse lhe dado esse nome, \u2026<\/p>\n<p class=\"continue-reading-button\"> <a class=\"continue-reading-link\" href=\"https:\/\/www.tgreguol.com.br\/blog\/sabrina\/\">Leia Mais<i class=\"crycon-right-dir\"><\/i><\/a><\/p>\n","protected":false},"author":1,"featured_media":0,"parent":0,"menu_order":0,"comment_status":"closed","ping_status":"closed","template":"","meta":{"nf_dc_page":"","_exactmetrics_skip_tracking":false,"_exactmetrics_sitenote_active":false,"_exactmetrics_sitenote_note":"","_exactmetrics_sitenote_category":0,"footnotes":""},"class_list":["post-1246","page","type-page","status-publish","hentry"],"yoast_head":"<!-- This site is optimized with the Yoast SEO plugin v27.5 - https:\/\/yoast.com\/product\/yoast-seo-wordpress\/ -->\n<title>Sabrina - T. Greguol<\/title>\n<meta name=\"robots\" content=\"index, follow, max-snippet:-1, max-image-preview:large, max-video-preview:-1\" \/>\n<link rel=\"canonical\" href=\"https:\/\/www.tgreguol.com.br\/blog\/sabrina\/\" \/>\n<meta property=\"og:locale\" content=\"pt_BR\" \/>\n<meta property=\"og:type\" content=\"article\" \/>\n<meta property=\"og:title\" content=\"Sabrina - T. Greguol\" \/>\n<meta property=\"og:description\" content=\"Sabrina. N\u00e3o que sua m\u00e3e tivesse lhe dado esse nome, \u2026 Leia Mais\" \/>\n<meta property=\"og:url\" content=\"https:\/\/www.tgreguol.com.br\/blog\/sabrina\/\" \/>\n<meta property=\"og:site_name\" content=\"T. Greguol\" \/>\n<meta property=\"article:publisher\" content=\"https:\/\/www.facebook.com\/tgreguol\" \/>\n<meta property=\"article:modified_time\" content=\"2016-02-15T20:25:35+00:00\" \/>\n<meta name=\"twitter:card\" content=\"summary_large_image\" \/>\n<meta name=\"twitter:site\" content=\"@katarse\" \/>\n<meta name=\"twitter:label1\" content=\"Est. tempo de leitura\" \/>\n\t<meta name=\"twitter:data1\" content=\"4 minutos\" \/>\n<script type=\"application\/ld+json\" class=\"yoast-schema-graph\">{\"@context\":\"https:\\\/\\\/schema.org\",\"@graph\":[{\"@type\":\"WebPage\",\"@id\":\"https:\\\/\\\/www.tgreguol.com.br\\\/blog\\\/sabrina\\\/\",\"url\":\"https:\\\/\\\/www.tgreguol.com.br\\\/blog\\\/sabrina\\\/\",\"name\":\"Sabrina - T. Greguol\",\"isPartOf\":{\"@id\":\"https:\\\/\\\/www.tgreguol.com.br\\\/blog\\\/#website\"},\"datePublished\":\"2016-01-29T21:42:23+00:00\",\"dateModified\":\"2016-02-15T20:25:35+00:00\",\"breadcrumb\":{\"@id\":\"https:\\\/\\\/www.tgreguol.com.br\\\/blog\\\/sabrina\\\/#breadcrumb\"},\"inLanguage\":\"pt-BR\",\"potentialAction\":[{\"@type\":\"ReadAction\",\"target\":[\"https:\\\/\\\/www.tgreguol.com.br\\\/blog\\\/sabrina\\\/\"]}]},{\"@type\":\"BreadcrumbList\",\"@id\":\"https:\\\/\\\/www.tgreguol.com.br\\\/blog\\\/sabrina\\\/#breadcrumb\",\"itemListElement\":[{\"@type\":\"ListItem\",\"position\":1,\"name\":\"In\u00edcio\",\"item\":\"https:\\\/\\\/www.tgreguol.com.br\\\/blog\\\/\"},{\"@type\":\"ListItem\",\"position\":2,\"name\":\"Sabrina\"}]},{\"@type\":\"WebSite\",\"@id\":\"https:\\\/\\\/www.tgreguol.com.br\\\/blog\\\/#website\",\"url\":\"https:\\\/\\\/www.tgreguol.com.br\\\/blog\\\/\",\"name\":\"T. Greguol\",\"description\":\"Imaginador\",\"potentialAction\":[{\"@type\":\"SearchAction\",\"target\":{\"@type\":\"EntryPoint\",\"urlTemplate\":\"https:\\\/\\\/www.tgreguol.com.br\\\/blog\\\/?s={search_term_string}\"},\"query-input\":{\"@type\":\"PropertyValueSpecification\",\"valueRequired\":true,\"valueName\":\"search_term_string\"}}],\"inLanguage\":\"pt-BR\"}]}<\/script>\n<!-- \/ Yoast SEO plugin. -->","yoast_head_json":{"title":"Sabrina - T. Greguol","robots":{"index":"index","follow":"follow","max-snippet":"max-snippet:-1","max-image-preview":"max-image-preview:large","max-video-preview":"max-video-preview:-1"},"canonical":"https:\/\/www.tgreguol.com.br\/blog\/sabrina\/","og_locale":"pt_BR","og_type":"article","og_title":"Sabrina - T. Greguol","og_description":"Sabrina. N\u00e3o que sua m\u00e3e tivesse lhe dado esse nome, \u2026 Leia Mais","og_url":"https:\/\/www.tgreguol.com.br\/blog\/sabrina\/","og_site_name":"T. Greguol","article_publisher":"https:\/\/www.facebook.com\/tgreguol","article_modified_time":"2016-02-15T20:25:35+00:00","twitter_card":"summary_large_image","twitter_site":"@katarse","twitter_misc":{"Est. tempo de leitura":"4 minutos"},"schema":{"@context":"https:\/\/schema.org","@graph":[{"@type":"WebPage","@id":"https:\/\/www.tgreguol.com.br\/blog\/sabrina\/","url":"https:\/\/www.tgreguol.com.br\/blog\/sabrina\/","name":"Sabrina - T. Greguol","isPartOf":{"@id":"https:\/\/www.tgreguol.com.br\/blog\/#website"},"datePublished":"2016-01-29T21:42:23+00:00","dateModified":"2016-02-15T20:25:35+00:00","breadcrumb":{"@id":"https:\/\/www.tgreguol.com.br\/blog\/sabrina\/#breadcrumb"},"inLanguage":"pt-BR","potentialAction":[{"@type":"ReadAction","target":["https:\/\/www.tgreguol.com.br\/blog\/sabrina\/"]}]},{"@type":"BreadcrumbList","@id":"https:\/\/www.tgreguol.com.br\/blog\/sabrina\/#breadcrumb","itemListElement":[{"@type":"ListItem","position":1,"name":"In\u00edcio","item":"https:\/\/www.tgreguol.com.br\/blog\/"},{"@type":"ListItem","position":2,"name":"Sabrina"}]},{"@type":"WebSite","@id":"https:\/\/www.tgreguol.com.br\/blog\/#website","url":"https:\/\/www.tgreguol.com.br\/blog\/","name":"T. Greguol","description":"Imaginador","potentialAction":[{"@type":"SearchAction","target":{"@type":"EntryPoint","urlTemplate":"https:\/\/www.tgreguol.com.br\/blog\/?s={search_term_string}"},"query-input":{"@type":"PropertyValueSpecification","valueRequired":true,"valueName":"search_term_string"}}],"inLanguage":"pt-BR"}]}},"_links":{"self":[{"href":"https:\/\/www.tgreguol.com.br\/blog\/wp-json\/wp\/v2\/pages\/1246","targetHints":{"allow":["GET"]}}],"collection":[{"href":"https:\/\/www.tgreguol.com.br\/blog\/wp-json\/wp\/v2\/pages"}],"about":[{"href":"https:\/\/www.tgreguol.com.br\/blog\/wp-json\/wp\/v2\/types\/page"}],"author":[{"embeddable":true,"href":"https:\/\/www.tgreguol.com.br\/blog\/wp-json\/wp\/v2\/users\/1"}],"replies":[{"embeddable":true,"href":"https:\/\/www.tgreguol.com.br\/blog\/wp-json\/wp\/v2\/comments?post=1246"}],"version-history":[{"count":3,"href":"https:\/\/www.tgreguol.com.br\/blog\/wp-json\/wp\/v2\/pages\/1246\/revisions"}],"predecessor-version":[{"id":1432,"href":"https:\/\/www.tgreguol.com.br\/blog\/wp-json\/wp\/v2\/pages\/1246\/revisions\/1432"}],"wp:attachment":[{"href":"https:\/\/www.tgreguol.com.br\/blog\/wp-json\/wp\/v2\/media?parent=1246"}],"curies":[{"name":"wp","href":"https:\/\/api.w.org\/{rel}","templated":true}]}}