{"id":1243,"date":"2016-01-29T21:39:35","date_gmt":"2016-01-29T21:39:35","guid":{"rendered":"https:\/\/www.tgreguol.com.br\/blog\/?page_id=1243"},"modified":"2016-02-15T20:06:19","modified_gmt":"2016-02-15T20:06:19","slug":"ponto","status":"publish","type":"page","link":"https:\/\/www.tgreguol.com.br\/blog\/ponto\/","title":{"rendered":"Ponto"},"content":{"rendered":"<p style=\"text-align: justify;\">Noite. Frio. Nenhuma estrela. Um rapaz de andar pouco convicto acaba de descer de um carro. Acena para a pessoa ao volante, disfar\u00e7ando o des\u00e2nimo, e fecha a porta. Fica olhando o Snoopy tenista grudado por ventosas no vidro traseiro.<br \/>\nBoca seca, dor de cabe\u00e7a. A ressaca \u00e9 \u00f3bvia. Ele acaba de ser deixado num ponto de \u00f4nibus. Olhar sonolento, testa enrugada, roupas \u00famidas, sapato encharcado, cal\u00e7ada estreita. Atr\u00e1s, um muro chapiscado muito alto e meio sujo de barro da \u00faltima inunda\u00e7\u00e3o. A rua m\u00e9dia, postes de luz a cada vinte metros. Dois funcionam mal, um oscila. Subindo na cal\u00e7ada, encara o outro lado da rua. Algumas \u00e1rvores peladas e mato, um grande matagal. &#8220;Quem mandou aceitar carona!&#8221;, pensava com esfor\u00e7o. Acabara de voltar de um churrasco. Com a maior boa vontade do mundo, o dono da casa quis ajudar arrumando algu\u00e9m que fosse para os seus lados. O algu\u00e9m escolhido era uma tia meio jovem de um amigo seu que tinha passado o dia todo &#8211; ou ao menos parecia ter &#8211; olhando para ele com o rabo dos olhos. Isso o ajudou bastante a n\u00e3o pensar muito na hora de aceitar. Isso e tudo o mais que bebera. No caminho ela fora pouco receptiva. N\u00e3o dissera nada sem ser perguntada, e o que dissera havia sido monossil\u00e1bico. \u201cDe dia aquele sol e agora esse frio!\u201d, \u201c\u00c9!\u201d. Nenhum olhar com o rabo do olho. Constrangedor. O que restara a fazer era assistir pela janela emba\u00e7ada a estrada passar. &#8220;Acho que desviou um pouco&#8230; Mas, se me deixar num ponto de \u00f4nibus, eu me viro!&#8221; Notara que o caminho estava errado. &#8220;Tem certeza?&#8221;, perguntou a jovem tia sem olhar diretamente, com a voz levemente pastosa por ter bebido algumas tamb\u00e9m. O que \u00e9 que poderia fazer agora? &#8220;Pode deixar!&#8221;<br \/>\nAgora estava ali no meio do nada, sabe-se l\u00e1 em que regi\u00e3o da cidade. Segunda maior cidade do mundo. \u201cOnde estariam os milh\u00f5es de habitantes agora?\u201d, pensou, antes de olhar para seu rel\u00f3gio, que mostrava 11 horas desde o meio-dia, quando saiu de casa. Ou teria sido quando o jogaram na piscina? \u00c1rvores feias, fios de eletricidade cheios de emaranhados de t\u00eanis e rabiolas. At\u00e9 uma imita\u00e7\u00e3o de Suzy tinha sido pendurada ali&#8230; Pelo pesco\u00e7o, parecia. N\u00e3o.<br \/>\nO mur\u00e3o atr\u00e1s era certamente curvado para o ponto. \u00c0s vezes parecia que vinha algum som de l\u00e1 de tr\u00e1s. Que seria aquilo? Filme porn\u00f4? Era comprido para a direita e, para a esquerda, dobrava a esquina. Aquele ponto de \u00f4nibus deveria ser uma piada de mau gosto. &#8220;Quando \u00e9 que um \u00f4nibus vai passar aqui?&#8221; Finalmente alguma luz. Far\u00f3is. &#8220;\u00c9 um \u00f4nibus, \u00e9 um \u00f4nibus!&#8221; N\u00e3o era. Um caminh\u00e3o velho de feira. Ser\u00e1 que queria ser visto por aquele motorista? Felizmente o ponto o cobriu da vista daquele motorista perigoso que, na verdade, era um pobre senhor com sua pobre senhora, duas criancinhas pobres e um monte de crucifixos presos ao espelho retrovisor junto com mais uns dez santinhos.<br \/>\nN\u00e3o sabia nenhuma prece, mas sabia rezar. Que barulhos eram aqueles que vinham de tr\u00e1s do muro? Seria um a\u00e7ougue? Aquela \u00e1rvore se mexera e isso n\u00e3o era uma pergunta. Direita: longa rua por onde viera. Esquerda: quem sabe? N\u00e3o sabia e n\u00e3o iria tentar descobrir. Mais um farol meio xoxo. &#8220;Valeu, Deus!&#8221; L\u00e1 vem um \u00f4nibus. Diz um palavr\u00e3o e d\u00e1 sinal.<br \/>\nRealmente \u00e9 um \u00f4nibus. N\u00e3o d\u00e1 pra ler o destino de t\u00e3o escuro e sujo, mas quem quer saber o destino? Qualquer lugar \u00e9 melhor que ali. Que bairro seria aquele? O \u00f4nibus \u00e9 daqueles brancos, gen\u00e9ricos. N\u00e3o d\u00e1 pra ver a cara nem do cobrador e nem do motorista. S\u00f3 a silhueta e as m\u00e3os. O motorista parece ter vindo ao mundo com a ajuda de um f\u00f3rceps. O cobrador tem o maior queixo j\u00e1 visto. &#8220;Deve ser pra compensar o que falta no motorista&#8230;&#8221;, pensa, j\u00e1 com a cabe\u00e7a mais leve e um humor positivista idiota.<br \/>\nMuito tempo depois o \u00f4nibus n\u00e3o chegara a lugar nenhum. Muitas vezes havia passado por perto de luzes e movimento, mas nenhum local conhecido ou seguro. Pelo menos a seu ver. Agora j\u00e1 faz meia hora que est\u00e1 tudo escuro e o cen\u00e1rio n\u00e3o parece melhorar. Perdido novamente. &#8220;N\u00e3o \u00e9 nada, v\u00e1! O que pode ter de t\u00e3o ruim em perguntar?&#8221; Levanta-se. No caminho entre o seu banco e o cobrador ele reconhece que vem agindo feito um bobo assustado e conclui que n\u00e3o deve beber nunca mais. Imagine pensar que aquela mulher estava querendo algo com ele. Ficar com medo de um muro!<br \/>\nDirige-se ao cobrador e sua silhueta nem parece mais t\u00e3o assustadora. &#8220;Oi, eu acho que peguei o \u00f4nibus errado, o senhor poderia me informar o destino deste \u00f4nibus quando volta?&#8221; Um pouco antes de liberar tudo o que havia bebido durante o dia nas cal\u00e7as &#8211; e talvez at\u00e9 o que comera -, ele ouviu uma voz sibilante vinda daquele queixo enorme: &#8220;Essssse ssss\u00f3 vai, mo\u00e7\u00e7\u00e7\u00e7o&#8230;\u201d<\/p>\n","protected":false},"excerpt":{"rendered":"<p>Noite. Frio. Nenhuma estrela. Um rapaz de andar pouco convicto \u2026<\/p>\n<p class=\"continue-reading-button\"> <a class=\"continue-reading-link\" href=\"https:\/\/www.tgreguol.com.br\/blog\/ponto\/\">Leia Mais<i class=\"crycon-right-dir\"><\/i><\/a><\/p>\n","protected":false},"author":1,"featured_media":0,"parent":0,"menu_order":0,"comment_status":"closed","ping_status":"closed","template":"","meta":{"nf_dc_page":"","_exactmetrics_skip_tracking":false,"_exactmetrics_sitenote_active":false,"_exactmetrics_sitenote_note":"","_exactmetrics_sitenote_category":0,"footnotes":""},"class_list":["post-1243","page","type-page","status-publish","hentry"],"yoast_head":"<!-- This site is optimized with the Yoast SEO plugin v27.5 - https:\/\/yoast.com\/product\/yoast-seo-wordpress\/ -->\n<title>Ponto - T. Greguol<\/title>\n<meta name=\"robots\" content=\"index, follow, max-snippet:-1, max-image-preview:large, max-video-preview:-1\" \/>\n<link rel=\"canonical\" href=\"https:\/\/www.tgreguol.com.br\/blog\/ponto\/\" \/>\n<meta property=\"og:locale\" content=\"pt_BR\" \/>\n<meta property=\"og:type\" content=\"article\" \/>\n<meta property=\"og:title\" content=\"Ponto - T. Greguol\" \/>\n<meta property=\"og:description\" content=\"Noite. Frio. Nenhuma estrela. Um rapaz de andar pouco convicto \u2026 Leia Mais\" \/>\n<meta property=\"og:url\" content=\"https:\/\/www.tgreguol.com.br\/blog\/ponto\/\" \/>\n<meta property=\"og:site_name\" content=\"T. Greguol\" \/>\n<meta property=\"article:publisher\" content=\"https:\/\/www.facebook.com\/tgreguol\" \/>\n<meta property=\"article:modified_time\" content=\"2016-02-15T20:06:19+00:00\" \/>\n<meta name=\"twitter:card\" content=\"summary_large_image\" \/>\n<meta name=\"twitter:site\" content=\"@katarse\" \/>\n<meta name=\"twitter:label1\" content=\"Est. tempo de leitura\" \/>\n\t<meta name=\"twitter:data1\" content=\"4 minutos\" \/>\n<script type=\"application\/ld+json\" class=\"yoast-schema-graph\">{\"@context\":\"https:\\\/\\\/schema.org\",\"@graph\":[{\"@type\":\"WebPage\",\"@id\":\"https:\\\/\\\/www.tgreguol.com.br\\\/blog\\\/ponto\\\/\",\"url\":\"https:\\\/\\\/www.tgreguol.com.br\\\/blog\\\/ponto\\\/\",\"name\":\"Ponto - T. Greguol\",\"isPartOf\":{\"@id\":\"https:\\\/\\\/www.tgreguol.com.br\\\/blog\\\/#website\"},\"datePublished\":\"2016-01-29T21:39:35+00:00\",\"dateModified\":\"2016-02-15T20:06:19+00:00\",\"breadcrumb\":{\"@id\":\"https:\\\/\\\/www.tgreguol.com.br\\\/blog\\\/ponto\\\/#breadcrumb\"},\"inLanguage\":\"pt-BR\",\"potentialAction\":[{\"@type\":\"ReadAction\",\"target\":[\"https:\\\/\\\/www.tgreguol.com.br\\\/blog\\\/ponto\\\/\"]}]},{\"@type\":\"BreadcrumbList\",\"@id\":\"https:\\\/\\\/www.tgreguol.com.br\\\/blog\\\/ponto\\\/#breadcrumb\",\"itemListElement\":[{\"@type\":\"ListItem\",\"position\":1,\"name\":\"In\u00edcio\",\"item\":\"https:\\\/\\\/www.tgreguol.com.br\\\/blog\\\/\"},{\"@type\":\"ListItem\",\"position\":2,\"name\":\"Ponto\"}]},{\"@type\":\"WebSite\",\"@id\":\"https:\\\/\\\/www.tgreguol.com.br\\\/blog\\\/#website\",\"url\":\"https:\\\/\\\/www.tgreguol.com.br\\\/blog\\\/\",\"name\":\"T. Greguol\",\"description\":\"Imaginador\",\"potentialAction\":[{\"@type\":\"SearchAction\",\"target\":{\"@type\":\"EntryPoint\",\"urlTemplate\":\"https:\\\/\\\/www.tgreguol.com.br\\\/blog\\\/?s={search_term_string}\"},\"query-input\":{\"@type\":\"PropertyValueSpecification\",\"valueRequired\":true,\"valueName\":\"search_term_string\"}}],\"inLanguage\":\"pt-BR\"}]}<\/script>\n<!-- \/ Yoast SEO plugin. -->","yoast_head_json":{"title":"Ponto - T. Greguol","robots":{"index":"index","follow":"follow","max-snippet":"max-snippet:-1","max-image-preview":"max-image-preview:large","max-video-preview":"max-video-preview:-1"},"canonical":"https:\/\/www.tgreguol.com.br\/blog\/ponto\/","og_locale":"pt_BR","og_type":"article","og_title":"Ponto - T. Greguol","og_description":"Noite. Frio. Nenhuma estrela. Um rapaz de andar pouco convicto \u2026 Leia Mais","og_url":"https:\/\/www.tgreguol.com.br\/blog\/ponto\/","og_site_name":"T. Greguol","article_publisher":"https:\/\/www.facebook.com\/tgreguol","article_modified_time":"2016-02-15T20:06:19+00:00","twitter_card":"summary_large_image","twitter_site":"@katarse","twitter_misc":{"Est. tempo de leitura":"4 minutos"},"schema":{"@context":"https:\/\/schema.org","@graph":[{"@type":"WebPage","@id":"https:\/\/www.tgreguol.com.br\/blog\/ponto\/","url":"https:\/\/www.tgreguol.com.br\/blog\/ponto\/","name":"Ponto - T. Greguol","isPartOf":{"@id":"https:\/\/www.tgreguol.com.br\/blog\/#website"},"datePublished":"2016-01-29T21:39:35+00:00","dateModified":"2016-02-15T20:06:19+00:00","breadcrumb":{"@id":"https:\/\/www.tgreguol.com.br\/blog\/ponto\/#breadcrumb"},"inLanguage":"pt-BR","potentialAction":[{"@type":"ReadAction","target":["https:\/\/www.tgreguol.com.br\/blog\/ponto\/"]}]},{"@type":"BreadcrumbList","@id":"https:\/\/www.tgreguol.com.br\/blog\/ponto\/#breadcrumb","itemListElement":[{"@type":"ListItem","position":1,"name":"In\u00edcio","item":"https:\/\/www.tgreguol.com.br\/blog\/"},{"@type":"ListItem","position":2,"name":"Ponto"}]},{"@type":"WebSite","@id":"https:\/\/www.tgreguol.com.br\/blog\/#website","url":"https:\/\/www.tgreguol.com.br\/blog\/","name":"T. Greguol","description":"Imaginador","potentialAction":[{"@type":"SearchAction","target":{"@type":"EntryPoint","urlTemplate":"https:\/\/www.tgreguol.com.br\/blog\/?s={search_term_string}"},"query-input":{"@type":"PropertyValueSpecification","valueRequired":true,"valueName":"search_term_string"}}],"inLanguage":"pt-BR"}]}},"_links":{"self":[{"href":"https:\/\/www.tgreguol.com.br\/blog\/wp-json\/wp\/v2\/pages\/1243","targetHints":{"allow":["GET"]}}],"collection":[{"href":"https:\/\/www.tgreguol.com.br\/blog\/wp-json\/wp\/v2\/pages"}],"about":[{"href":"https:\/\/www.tgreguol.com.br\/blog\/wp-json\/wp\/v2\/types\/page"}],"author":[{"embeddable":true,"href":"https:\/\/www.tgreguol.com.br\/blog\/wp-json\/wp\/v2\/users\/1"}],"replies":[{"embeddable":true,"href":"https:\/\/www.tgreguol.com.br\/blog\/wp-json\/wp\/v2\/comments?post=1243"}],"version-history":[{"count":3,"href":"https:\/\/www.tgreguol.com.br\/blog\/wp-json\/wp\/v2\/pages\/1243\/revisions"}],"predecessor-version":[{"id":1426,"href":"https:\/\/www.tgreguol.com.br\/blog\/wp-json\/wp\/v2\/pages\/1243\/revisions\/1426"}],"wp:attachment":[{"href":"https:\/\/www.tgreguol.com.br\/blog\/wp-json\/wp\/v2\/media?parent=1243"}],"curies":[{"name":"wp","href":"https:\/\/api.w.org\/{rel}","templated":true}]}}