{"id":1240,"date":"2016-01-29T21:36:16","date_gmt":"2016-01-29T21:36:16","guid":{"rendered":"https:\/\/www.tgreguol.com.br\/blog\/?page_id=1240"},"modified":"2016-02-15T20:39:17","modified_gmt":"2016-02-15T20:39:17","slug":"1240-2","status":"publish","type":"page","link":"https:\/\/www.tgreguol.com.br\/blog\/1240-2\/","title":{"rendered":"Sentimento"},"content":{"rendered":"<p style=\"text-align: justify;\">Ap\u00f3s o incidente tudo mudara. E era preciso expandir o que sentia. Uma v\u00e1lvula de escape de um lugar desconhecido.<br \/>\nQuando crian\u00e7a, era especial. Do ber\u00e7o at\u00e9 os sete anos de idade n\u00e3o pronunciou uma \u00fanica palavra. Nem um gugu, nem um dad\u00e1. Preocupou muito seus pais que, por mais esfor\u00e7ados que fossem, continuavam sendo humanos. Era como um anjinho, com seus grandes olhos negros. Antena parab\u00f3lica. Esponja.<br \/>\nDos oito aos catorze, as coisas mudaram. Com a fala veio tamb\u00e9m a revolta e os sintomas mais \u00f3bvios, apesar de n\u00e3o notados, de seu poder. Certa vez seus pais estavam brigando h\u00e1 semanas, sem parar. Com um murro na mesa ele fez a casa estremecer e todos no mundo se calaram por um minuto. Apesar da energia do ato, a mesa continuou intacta. As brigas entre os pais agora eram direcionadas \u00e0 pr\u00f3pria cria.<br \/>\nDos quinze aos vinte e um, um tipo de desd\u00e9m tomou conta, junto a um sentimento de marginalidade. Ap\u00f3s juntar muitas coisas n\u00e3o ditas e n\u00e3o feitas, em uma festa chique, de v\u00e1rios talheres e copos, brotou-lhe um grito da garganta com tamanha viol\u00eancia que todos os vidros do local se quebraram, a luz acabou e, por semanas, todos os presentes &#8211; sem ligar o ato ao efeito ou \u00e0 pessoa &#8211; sentiram um enorme vazio no peito, e um sil\u00eancio desalentador pairou.<br \/>\nAgora, j\u00e1 com a idade mais avan\u00e7ada, talvez chegando aos vinte e oito, nessa situa\u00e7\u00e3o dif\u00edcil de recupera\u00e7\u00e3o, notou que o que realmente importava era esse novo sentimento que for\u00e7adamente descobrira, um sentimento nost\u00e1lgico ao contr\u00e1rio, algo de uma pr\u00e9-inf\u00e2ncia.<br \/>\nAnterior a isso.<br \/>\nNo trabalho, abriu suas m\u00e3os em dire\u00e7\u00e3o aos colegas e eles, olhando com aten\u00e7\u00e3o, sentiram-se compreendidos de forma aconchegante.<br \/>\nNo tr\u00e2nsito, saiu do carro, ergueu os bra\u00e7os aos c\u00e9us e assim todos pararam de buzinar, desabotoaram-se e, olhando-se entre si, levantaram as sobrancelhas, querendo achar mais paci\u00eancia.<br \/>\nAo chegar em casa, abra\u00e7ou seus familiares de uma forma que todos entenderam o que se passava e retribu\u00edram ao mundo. Assim, como os colegas de trabalho e as pessoas no tr\u00e2nsito, sentiram toda a paz, sil\u00eancio, boa vontade e necessidade de se espregui\u00e7ar.<br \/>\nDirigiu-se ao banheiro, olhou-se no espelho, piscou para si os enormes olhos negros, agora mais negros ainda, e virou luz.<\/p>\n","protected":false},"excerpt":{"rendered":"<p>Ap\u00f3s o incidente tudo mudara. E era preciso expandir o \u2026<\/p>\n<p class=\"continue-reading-button\"> <a class=\"continue-reading-link\" href=\"https:\/\/www.tgreguol.com.br\/blog\/1240-2\/\">Leia Mais<i class=\"crycon-right-dir\"><\/i><\/a><\/p>\n","protected":false},"author":1,"featured_media":0,"parent":0,"menu_order":0,"comment_status":"closed","ping_status":"closed","template":"","meta":{"nf_dc_page":"","_exactmetrics_skip_tracking":false,"_exactmetrics_sitenote_active":false,"_exactmetrics_sitenote_note":"","_exactmetrics_sitenote_category":0,"footnotes":""},"class_list":["post-1240","page","type-page","status-publish","hentry"],"yoast_head":"<!-- This site is optimized with the Yoast SEO plugin v27.5 - https:\/\/yoast.com\/product\/yoast-seo-wordpress\/ -->\n<title>Sentimento - T. Greguol<\/title>\n<meta name=\"robots\" content=\"index, follow, max-snippet:-1, max-image-preview:large, max-video-preview:-1\" \/>\n<link rel=\"canonical\" href=\"https:\/\/www.tgreguol.com.br\/blog\/1240-2\/\" \/>\n<meta property=\"og:locale\" content=\"pt_BR\" \/>\n<meta property=\"og:type\" content=\"article\" \/>\n<meta property=\"og:title\" content=\"Sentimento - T. Greguol\" \/>\n<meta property=\"og:description\" content=\"Ap\u00f3s o incidente tudo mudara. E era preciso expandir o \u2026 Leia Mais\" \/>\n<meta property=\"og:url\" content=\"https:\/\/www.tgreguol.com.br\/blog\/1240-2\/\" \/>\n<meta property=\"og:site_name\" content=\"T. Greguol\" \/>\n<meta property=\"article:publisher\" content=\"https:\/\/www.facebook.com\/tgreguol\" \/>\n<meta property=\"article:modified_time\" content=\"2016-02-15T20:39:17+00:00\" \/>\n<meta name=\"twitter:card\" content=\"summary_large_image\" \/>\n<meta name=\"twitter:site\" content=\"@katarse\" \/>\n<meta name=\"twitter:label1\" content=\"Est. tempo de leitura\" \/>\n\t<meta name=\"twitter:data1\" content=\"2 minutos\" \/>\n<script type=\"application\/ld+json\" class=\"yoast-schema-graph\">{\"@context\":\"https:\\\/\\\/schema.org\",\"@graph\":[{\"@type\":\"WebPage\",\"@id\":\"https:\\\/\\\/www.tgreguol.com.br\\\/blog\\\/1240-2\\\/\",\"url\":\"https:\\\/\\\/www.tgreguol.com.br\\\/blog\\\/1240-2\\\/\",\"name\":\"Sentimento - T. Greguol\",\"isPartOf\":{\"@id\":\"https:\\\/\\\/www.tgreguol.com.br\\\/blog\\\/#website\"},\"datePublished\":\"2016-01-29T21:36:16+00:00\",\"dateModified\":\"2016-02-15T20:39:17+00:00\",\"breadcrumb\":{\"@id\":\"https:\\\/\\\/www.tgreguol.com.br\\\/blog\\\/1240-2\\\/#breadcrumb\"},\"inLanguage\":\"pt-BR\",\"potentialAction\":[{\"@type\":\"ReadAction\",\"target\":[\"https:\\\/\\\/www.tgreguol.com.br\\\/blog\\\/1240-2\\\/\"]}]},{\"@type\":\"BreadcrumbList\",\"@id\":\"https:\\\/\\\/www.tgreguol.com.br\\\/blog\\\/1240-2\\\/#breadcrumb\",\"itemListElement\":[{\"@type\":\"ListItem\",\"position\":1,\"name\":\"In\u00edcio\",\"item\":\"https:\\\/\\\/www.tgreguol.com.br\\\/blog\\\/\"},{\"@type\":\"ListItem\",\"position\":2,\"name\":\"Sentimento\"}]},{\"@type\":\"WebSite\",\"@id\":\"https:\\\/\\\/www.tgreguol.com.br\\\/blog\\\/#website\",\"url\":\"https:\\\/\\\/www.tgreguol.com.br\\\/blog\\\/\",\"name\":\"T. Greguol\",\"description\":\"Imaginador\",\"potentialAction\":[{\"@type\":\"SearchAction\",\"target\":{\"@type\":\"EntryPoint\",\"urlTemplate\":\"https:\\\/\\\/www.tgreguol.com.br\\\/blog\\\/?s={search_term_string}\"},\"query-input\":{\"@type\":\"PropertyValueSpecification\",\"valueRequired\":true,\"valueName\":\"search_term_string\"}}],\"inLanguage\":\"pt-BR\"}]}<\/script>\n<!-- \/ Yoast SEO plugin. -->","yoast_head_json":{"title":"Sentimento - T. Greguol","robots":{"index":"index","follow":"follow","max-snippet":"max-snippet:-1","max-image-preview":"max-image-preview:large","max-video-preview":"max-video-preview:-1"},"canonical":"https:\/\/www.tgreguol.com.br\/blog\/1240-2\/","og_locale":"pt_BR","og_type":"article","og_title":"Sentimento - T. Greguol","og_description":"Ap\u00f3s o incidente tudo mudara. E era preciso expandir o \u2026 Leia Mais","og_url":"https:\/\/www.tgreguol.com.br\/blog\/1240-2\/","og_site_name":"T. Greguol","article_publisher":"https:\/\/www.facebook.com\/tgreguol","article_modified_time":"2016-02-15T20:39:17+00:00","twitter_card":"summary_large_image","twitter_site":"@katarse","twitter_misc":{"Est. tempo de leitura":"2 minutos"},"schema":{"@context":"https:\/\/schema.org","@graph":[{"@type":"WebPage","@id":"https:\/\/www.tgreguol.com.br\/blog\/1240-2\/","url":"https:\/\/www.tgreguol.com.br\/blog\/1240-2\/","name":"Sentimento - T. Greguol","isPartOf":{"@id":"https:\/\/www.tgreguol.com.br\/blog\/#website"},"datePublished":"2016-01-29T21:36:16+00:00","dateModified":"2016-02-15T20:39:17+00:00","breadcrumb":{"@id":"https:\/\/www.tgreguol.com.br\/blog\/1240-2\/#breadcrumb"},"inLanguage":"pt-BR","potentialAction":[{"@type":"ReadAction","target":["https:\/\/www.tgreguol.com.br\/blog\/1240-2\/"]}]},{"@type":"BreadcrumbList","@id":"https:\/\/www.tgreguol.com.br\/blog\/1240-2\/#breadcrumb","itemListElement":[{"@type":"ListItem","position":1,"name":"In\u00edcio","item":"https:\/\/www.tgreguol.com.br\/blog\/"},{"@type":"ListItem","position":2,"name":"Sentimento"}]},{"@type":"WebSite","@id":"https:\/\/www.tgreguol.com.br\/blog\/#website","url":"https:\/\/www.tgreguol.com.br\/blog\/","name":"T. Greguol","description":"Imaginador","potentialAction":[{"@type":"SearchAction","target":{"@type":"EntryPoint","urlTemplate":"https:\/\/www.tgreguol.com.br\/blog\/?s={search_term_string}"},"query-input":{"@type":"PropertyValueSpecification","valueRequired":true,"valueName":"search_term_string"}}],"inLanguage":"pt-BR"}]}},"_links":{"self":[{"href":"https:\/\/www.tgreguol.com.br\/blog\/wp-json\/wp\/v2\/pages\/1240","targetHints":{"allow":["GET"]}}],"collection":[{"href":"https:\/\/www.tgreguol.com.br\/blog\/wp-json\/wp\/v2\/pages"}],"about":[{"href":"https:\/\/www.tgreguol.com.br\/blog\/wp-json\/wp\/v2\/types\/page"}],"author":[{"embeddable":true,"href":"https:\/\/www.tgreguol.com.br\/blog\/wp-json\/wp\/v2\/users\/1"}],"replies":[{"embeddable":true,"href":"https:\/\/www.tgreguol.com.br\/blog\/wp-json\/wp\/v2\/comments?post=1240"}],"version-history":[{"count":3,"href":"https:\/\/www.tgreguol.com.br\/blog\/wp-json\/wp\/v2\/pages\/1240\/revisions"}],"predecessor-version":[{"id":1438,"href":"https:\/\/www.tgreguol.com.br\/blog\/wp-json\/wp\/v2\/pages\/1240\/revisions\/1438"}],"wp:attachment":[{"href":"https:\/\/www.tgreguol.com.br\/blog\/wp-json\/wp\/v2\/media?parent=1240"}],"curies":[{"name":"wp","href":"https:\/\/api.w.org\/{rel}","templated":true}]}}