{"id":1237,"date":"2016-01-29T21:30:48","date_gmt":"2016-01-29T21:30:48","guid":{"rendered":"https:\/\/www.tgreguol.com.br\/blog\/?page_id=1237"},"modified":"2016-02-15T18:27:06","modified_gmt":"2016-02-15T18:27:06","slug":"jogos","status":"publish","type":"page","link":"https:\/\/www.tgreguol.com.br\/blog\/jogos\/","title":{"rendered":"Jogos"},"content":{"rendered":"<p style=\"text-align: justify;\">M\u00eas de janeiro, naquele per\u00edodo da primeira quinzena, muitas pessoas de f\u00e9rias. Ver\u00e3o. Calor, chuva. Assim como casas do campo t\u00eam a tend\u00eancia de ser \u2018r\u00fasticas\u2019, casas de praia tendem a ser coloridas. Essa n\u00e3o era uma exce\u00e7\u00e3o. Existem diversas formas de jogar poker, e esses jovens bonitos, saud\u00e1veis, com dinheiro suficiente para ter aquela bela e colorida casa de praia estavam jogando uma vers\u00e3o que n\u00e3o envolvia dinheiro, mas sim, bebidas. A bebida boa j\u00e1 tinha acabado e eles estavam entrando no terreno da \u00e1gua ardente. O poker ali deve ser jogado valendo pequenos copinhos de destilados para quem perder. Para vencer geralmente \u00e9 necess\u00e1ria t\u00e1tica, capacidade estrat\u00e9gica e alguma resist\u00eancia a \u00e1lcool. Isso se, nesse caso, vencer seja ganhar o jogo. Os jogadores t\u00eam como objetivo fazer a melhor m\u00e3o. Deixa de beber o jogador que, no fim, fizer a melhor m\u00e3o ou fizer com que seus advers\u00e1rios desistam de levar as apostas. As apostas acabam caindo para pe\u00e7as de roupa ou beijos ou o que mais as jovens mentes conseguissem concatenar a essa altura. O poker tem uma estrutura b\u00e1sica &#8211; os jogadores \u2018depositam\u2019 suas promessas de apostas na mesa e as cartas s\u00e3o dadas para cada jogador. Algumas cartas s\u00e3o ocultadas dos outros jogadores, assim como, acham eles, est\u00e3o ocultas suas inten\u00e7\u00f5es. O jogo vai se desenvolvendo e, no fim, vence e leva todas as \u2018fichas\u2019 quem tiver a melhor combina\u00e7\u00e3o de cinco cartas ou quem for o \u00faltimo jogador que n\u00e3o desistir da m\u00e3o. Isso tudo eu vejo por uma das enormes janelas da casa colorida. Alguns jogam poker, outros balan\u00e7am na rede ouvindo a chuva cair. Encolhido no jardim, s\u00f3 de cal\u00e7as, observo esses jovens se divertindo. \u00c9 engra\u00e7ado pensar que eu j\u00e1 tive essa idade. Apesar de sermos da mesma gera\u00e7\u00e3o, nossos interesses s\u00e3o t\u00e3o diversos. Eles apostam pe\u00e7as de roupas num jogo que nessa idade eles podem considerar como sendo sedutor, ou at\u00e9 mesmo um pretexto para conseguir algo que sem o jogo ou o \u00e1lcool alguns ali nunca conseguiriam. Isso nessa idade, onde o agora \u00e9 t\u00e3o urgente e ao mesmo tempo n\u00e3o importa nem um pouco, afinal esses seres s\u00f3 pensam no que v\u00e3o fazer depois, depois, depois. Estive de barriga para baixo nesse jardim, na chuva por tanto tempo que sinto meus ombros doendo e os pedacinhos de madeira e pedras j\u00e1 est\u00e3o incrustados na minha pele da barriga e do peito. Eu era parte desse cen\u00e1rio e \u00e9 por isso que eles n\u00e3o me notaram &#8211; estive ali por horas. Mas acho que j\u00e1 adiei por bastante tempo. \u00c9 hora de me divertir tamb\u00e9m. Se eu me movesse r\u00e1pido, daria na vista e eles entrariam em p\u00e2nico muito cedo, estragando minha jogada, como um p\u00e9ssimo jogador de poker. Ent\u00e3o, aproveitei o estado de excita\u00e7\u00e3o, o \u00e1lcool e a total alegria das f\u00e9rias deles e fui me movendo lentamente para tr\u00e1s. O processo durou por volta de meia hora. Eu me aproximo da porta da frente, todo molhado, com gravetinhos na barriga, dor no ombro, s\u00f3 de cal\u00e7a. Toco a campainha. Toco mais duas ou tr\u00eas vezes at\u00e9 notarem que tem algu\u00e9m \u00e0 porta e abaixarem o volume da m\u00fasica. \u201cTem algu\u00e9m \u00e0 porta!\u201d ou\u00e7o um gritar. A porta se abre subitamente e um jovem de corte de cabelo inexistente me encara surpreso; ao fundo temos mais um ou dois olhando e o resto fazendo o que quer que fosse. Eram dez no total. \u201cEu quero jogar\u201d, eu disse. O menino que era o dono da casa sorri e arqueja a sobrancelha. Nessa hora eu pensei bem e resolvi que o esp\u00edrito jovem havia me contagiado. Cansei de jogar t\u00e3o seriamente o meu jogo. Queria me divertir como eles se divertiam jogando aquele poker errado. Uma coisa que se deve observar nos jovens \u00e9 que o importante em jogar \u00e9 se divertir. E \u00e9 isso que eu queria naquela hora. N\u00e3o sou muito bom em descrever muitas a\u00e7\u00f5es ao mesmo tempo, mas sei que foi um corre-corre. Entrar, bloquear as sa\u00eddas e agarrar qualquer objeto que pudesse machucar foi f\u00e1cil, afinal de contas fiquei horas olhando pra dentro da casa colorida, eles mesmos me mostraram tudo \u00e0 medida em que iam se movendo pela casa enquanto eu os observava. Como disse foi um corre-corre. As meninas gritam bastante, como sempre, mas o que \u00e9 uma menina delicada comparado a mim. E divertido, porque elas s\u00e3o t\u00e3o bonitas. Os meninos se dividem entre her\u00f3is e covardes. Os her\u00f3is s\u00e3o f\u00e1ceis porque eles se exp\u00f5em mais, j\u00e1 os covardes fazem o jogo ficar mais chato, pois eu tenho que agachar, for\u00e7ar portas e tudo mais para o que n\u00e3o acho que tenha mais tanta paci\u00eancia. Mas no final s\u00f3 tenho a dizer que foi uma festa. De certa forma foi meu recorde de tempo e de ferramentas. Usei apenas uma. Fiquei feliz que n\u00e3o precisei apelas para a obviedade de facas ou fios de pescas t\u00e3o comuns em casas de praia. Usei um bom e velho pau de pil\u00e3o. Isso mesmo! Um pil\u00e3o! Essa casa tinha um pil\u00e3o gigante de madeira, provavelmente usado como decora\u00e7\u00e3o. \u00c9 impressionante a resist\u00eancia daquela madeira. Uma das meninas &#8211; admito que trapaceei &#8211; a empurrei da escada, mas, coitadinha, ela estava zonza com a pancada. Mas assim como no jogo de poker deles, o meu jogo estava aberto a mudan\u00e7as de regra ao meu bel prazer; afinal de contas&#8230; Eu sou jovem tamb\u00e9m!<\/p>\n","protected":false},"excerpt":{"rendered":"<p>M\u00eas de janeiro, naquele per\u00edodo da primeira quinzena, muitas pessoas \u2026<\/p>\n<p class=\"continue-reading-button\"> <a class=\"continue-reading-link\" href=\"https:\/\/www.tgreguol.com.br\/blog\/jogos\/\">Leia Mais<i class=\"crycon-right-dir\"><\/i><\/a><\/p>\n","protected":false},"author":1,"featured_media":0,"parent":0,"menu_order":0,"comment_status":"closed","ping_status":"closed","template":"","meta":{"nf_dc_page":"","_exactmetrics_skip_tracking":false,"_exactmetrics_sitenote_active":false,"_exactmetrics_sitenote_note":"","_exactmetrics_sitenote_category":0,"footnotes":""},"class_list":["post-1237","page","type-page","status-publish","hentry"],"yoast_head":"<!-- This site is optimized with the Yoast SEO plugin v27.5 - https:\/\/yoast.com\/product\/yoast-seo-wordpress\/ -->\n<title>Jogos - T. Greguol<\/title>\n<meta name=\"robots\" content=\"index, follow, max-snippet:-1, max-image-preview:large, max-video-preview:-1\" \/>\n<link rel=\"canonical\" href=\"https:\/\/www.tgreguol.com.br\/blog\/jogos\/\" \/>\n<meta property=\"og:locale\" content=\"pt_BR\" \/>\n<meta property=\"og:type\" content=\"article\" \/>\n<meta property=\"og:title\" content=\"Jogos - T. Greguol\" \/>\n<meta property=\"og:description\" content=\"M\u00eas de janeiro, naquele per\u00edodo da primeira quinzena, muitas pessoas \u2026 Leia Mais\" \/>\n<meta property=\"og:url\" content=\"https:\/\/www.tgreguol.com.br\/blog\/jogos\/\" \/>\n<meta property=\"og:site_name\" content=\"T. Greguol\" \/>\n<meta property=\"article:publisher\" content=\"https:\/\/www.facebook.com\/tgreguol\" \/>\n<meta property=\"article:modified_time\" content=\"2016-02-15T18:27:06+00:00\" \/>\n<meta name=\"twitter:card\" content=\"summary_large_image\" \/>\n<meta name=\"twitter:site\" content=\"@katarse\" \/>\n<meta name=\"twitter:label1\" content=\"Est. tempo de leitura\" \/>\n\t<meta name=\"twitter:data1\" content=\"5 minutos\" \/>\n<script type=\"application\/ld+json\" class=\"yoast-schema-graph\">{\"@context\":\"https:\\\/\\\/schema.org\",\"@graph\":[{\"@type\":\"WebPage\",\"@id\":\"https:\\\/\\\/www.tgreguol.com.br\\\/blog\\\/jogos\\\/\",\"url\":\"https:\\\/\\\/www.tgreguol.com.br\\\/blog\\\/jogos\\\/\",\"name\":\"Jogos - T. Greguol\",\"isPartOf\":{\"@id\":\"https:\\\/\\\/www.tgreguol.com.br\\\/blog\\\/#website\"},\"datePublished\":\"2016-01-29T21:30:48+00:00\",\"dateModified\":\"2016-02-15T18:27:06+00:00\",\"breadcrumb\":{\"@id\":\"https:\\\/\\\/www.tgreguol.com.br\\\/blog\\\/jogos\\\/#breadcrumb\"},\"inLanguage\":\"pt-BR\",\"potentialAction\":[{\"@type\":\"ReadAction\",\"target\":[\"https:\\\/\\\/www.tgreguol.com.br\\\/blog\\\/jogos\\\/\"]}]},{\"@type\":\"BreadcrumbList\",\"@id\":\"https:\\\/\\\/www.tgreguol.com.br\\\/blog\\\/jogos\\\/#breadcrumb\",\"itemListElement\":[{\"@type\":\"ListItem\",\"position\":1,\"name\":\"In\u00edcio\",\"item\":\"https:\\\/\\\/www.tgreguol.com.br\\\/blog\\\/\"},{\"@type\":\"ListItem\",\"position\":2,\"name\":\"Jogos\"}]},{\"@type\":\"WebSite\",\"@id\":\"https:\\\/\\\/www.tgreguol.com.br\\\/blog\\\/#website\",\"url\":\"https:\\\/\\\/www.tgreguol.com.br\\\/blog\\\/\",\"name\":\"T. Greguol\",\"description\":\"Imaginador\",\"potentialAction\":[{\"@type\":\"SearchAction\",\"target\":{\"@type\":\"EntryPoint\",\"urlTemplate\":\"https:\\\/\\\/www.tgreguol.com.br\\\/blog\\\/?s={search_term_string}\"},\"query-input\":{\"@type\":\"PropertyValueSpecification\",\"valueRequired\":true,\"valueName\":\"search_term_string\"}}],\"inLanguage\":\"pt-BR\"}]}<\/script>\n<!-- \/ Yoast SEO plugin. -->","yoast_head_json":{"title":"Jogos - T. Greguol","robots":{"index":"index","follow":"follow","max-snippet":"max-snippet:-1","max-image-preview":"max-image-preview:large","max-video-preview":"max-video-preview:-1"},"canonical":"https:\/\/www.tgreguol.com.br\/blog\/jogos\/","og_locale":"pt_BR","og_type":"article","og_title":"Jogos - T. Greguol","og_description":"M\u00eas de janeiro, naquele per\u00edodo da primeira quinzena, muitas pessoas \u2026 Leia Mais","og_url":"https:\/\/www.tgreguol.com.br\/blog\/jogos\/","og_site_name":"T. Greguol","article_publisher":"https:\/\/www.facebook.com\/tgreguol","article_modified_time":"2016-02-15T18:27:06+00:00","twitter_card":"summary_large_image","twitter_site":"@katarse","twitter_misc":{"Est. tempo de leitura":"5 minutos"},"schema":{"@context":"https:\/\/schema.org","@graph":[{"@type":"WebPage","@id":"https:\/\/www.tgreguol.com.br\/blog\/jogos\/","url":"https:\/\/www.tgreguol.com.br\/blog\/jogos\/","name":"Jogos - T. Greguol","isPartOf":{"@id":"https:\/\/www.tgreguol.com.br\/blog\/#website"},"datePublished":"2016-01-29T21:30:48+00:00","dateModified":"2016-02-15T18:27:06+00:00","breadcrumb":{"@id":"https:\/\/www.tgreguol.com.br\/blog\/jogos\/#breadcrumb"},"inLanguage":"pt-BR","potentialAction":[{"@type":"ReadAction","target":["https:\/\/www.tgreguol.com.br\/blog\/jogos\/"]}]},{"@type":"BreadcrumbList","@id":"https:\/\/www.tgreguol.com.br\/blog\/jogos\/#breadcrumb","itemListElement":[{"@type":"ListItem","position":1,"name":"In\u00edcio","item":"https:\/\/www.tgreguol.com.br\/blog\/"},{"@type":"ListItem","position":2,"name":"Jogos"}]},{"@type":"WebSite","@id":"https:\/\/www.tgreguol.com.br\/blog\/#website","url":"https:\/\/www.tgreguol.com.br\/blog\/","name":"T. Greguol","description":"Imaginador","potentialAction":[{"@type":"SearchAction","target":{"@type":"EntryPoint","urlTemplate":"https:\/\/www.tgreguol.com.br\/blog\/?s={search_term_string}"},"query-input":{"@type":"PropertyValueSpecification","valueRequired":true,"valueName":"search_term_string"}}],"inLanguage":"pt-BR"}]}},"_links":{"self":[{"href":"https:\/\/www.tgreguol.com.br\/blog\/wp-json\/wp\/v2\/pages\/1237","targetHints":{"allow":["GET"]}}],"collection":[{"href":"https:\/\/www.tgreguol.com.br\/blog\/wp-json\/wp\/v2\/pages"}],"about":[{"href":"https:\/\/www.tgreguol.com.br\/blog\/wp-json\/wp\/v2\/types\/page"}],"author":[{"embeddable":true,"href":"https:\/\/www.tgreguol.com.br\/blog\/wp-json\/wp\/v2\/users\/1"}],"replies":[{"embeddable":true,"href":"https:\/\/www.tgreguol.com.br\/blog\/wp-json\/wp\/v2\/comments?post=1237"}],"version-history":[{"count":3,"href":"https:\/\/www.tgreguol.com.br\/blog\/wp-json\/wp\/v2\/pages\/1237\/revisions"}],"predecessor-version":[{"id":1393,"href":"https:\/\/www.tgreguol.com.br\/blog\/wp-json\/wp\/v2\/pages\/1237\/revisions\/1393"}],"wp:attachment":[{"href":"https:\/\/www.tgreguol.com.br\/blog\/wp-json\/wp\/v2\/media?parent=1237"}],"curies":[{"name":"wp","href":"https:\/\/api.w.org\/{rel}","templated":true}]}}