{"id":1226,"date":"2016-01-29T20:56:41","date_gmt":"2016-01-29T20:56:41","guid":{"rendered":"https:\/\/www.tgreguol.com.br\/blog\/?page_id=1226"},"modified":"2016-02-15T17:40:07","modified_gmt":"2016-02-15T17:40:07","slug":"devaneio","status":"publish","type":"page","link":"https:\/\/www.tgreguol.com.br\/blog\/devaneio\/","title":{"rendered":"Devaneio"},"content":{"rendered":"<p style=\"text-align: justify;\">Seu amigo acabara de estacionar em frente \u00e0 casa. Viera deix\u00e1-lo ap\u00f3s uma festa. Devia ser umas tr\u00eas horas da manh\u00e3, estava cansado, n\u00e3o muito. Despediu-se e, agradecendo pela carona, bateu a porta do carro, j\u00e1 pensando no que h\u00e1 pouco acabara, j\u00e1 o passado, para se arrepender terminado o calor da comemora\u00e7\u00e3o. Ali\u00e1s&#8230; Os pensamentos do que poderia ter feito j\u00e1 o haviam alcan\u00e7ado, pois no longo caminho de volta o sil\u00eancio produzido pelo sono e a maldita melancolia pelo \u201cfinal da festa\u201d agiram como um atalho para tal sentimento.<br \/>\nOuvia o carro virando a esquina e a fechadura do port\u00e3o se trancando simultaneamente com o movimento de sua m\u00e3o.<br \/>\nAqueles olhos. Logo ali na esquina de sua casa. L\u00e1 estavam aqueles olhos luminosos como um flash em fotos amadoras. Novamente eles olhavam e rapidamente piscavam. Novamente. Gente n\u00e3o era.<br \/>\nAtravessou o pequeno quintal, do muro da entrada at\u00e9 a porta da sala. Outra olhadela para a esquina. Os olhinhos l\u00e1. Toda noite agora a mesma coisa. Seria um cachorro? Muito grande para um gato.<br \/>\nFizeram-se mecanicamente os movimentos &#8211; abrir, fechar, trancar, pendurar as chaves, tencionar os ombros, relaxar tudo. Bocejo seguido de um resmungo falho para lembrar, ap\u00f3s tanto falar inconscientemente, de que era mesmo ele que acabara de conversar, comer, olhar e beber numa festa de pessoas que nem sabia bem se conhecia. Olha pela janela antes de fechar a cortininha. Os olhos brilhantes sumiram.<br \/>\nMeio decepcionado com tudo, olhou para o ch\u00e3o com o habitual corpo apoiado em uma perna, m\u00e3os na cintura e postura ca\u00edda, vontade de esquecer tudo e dormir bem.<br \/>\nMas esquecer o qu\u00ea? Ele n\u00e3o fez nada! Ningu\u00e9m fez nada para ele! Esse \u00e9 o problema &#8211; ningu\u00e9m fez nada, n\u00e3o aconteceu nada, foi a mesma coisa de sempre. As pessoas, os assuntos&#8230; Talvez algumas m\u00fasicas fossem in\u00e9ditas. At\u00e9 as roupas eram uma varia\u00e7\u00e3o de muitos anos atr\u00e1s! Para dizer a verdade, agora que percebera, esta era uma comemora\u00e7\u00e3o anual, e j\u00e1 faz duas ou tr\u00eas comemora\u00e7\u00f5es de igual motivo que ele saiu do mesmo lugar, chegou ao mesmo lugar e que, nos mesmos lugar e pose, pensa o mesmo. Exceto pelos olhos de flash.<br \/>\nLevou as m\u00e3os \u00e0 face para se certificar de que era isso mesmo. Depois olhou para a porta de seu quarto &#8211; que se pode ver da sala quando se passa pelo corredor que leva \u00e0 cozinha, cuja porta est\u00e1 sempre aberta.<br \/>\nAp\u00f3s mais um prec\u00e1rio relaxamento dos ombros, caminhou at\u00e9 l\u00e1, passando a m\u00e3o na nuca, j\u00e1 se esquecendo dos pensamentos inconform\u00e1veis de h\u00e1 pouco e j\u00e1 se lembrando de, na pr\u00f3xima vez, n\u00e3o usar mais aqueles sapatos. Acabaram com seus dedos.<br \/>\nAntes de entrar no quarto, por\u00e9m, teve a derradeira sensa\u00e7\u00e3o de ver olhinhos na inocente penumbra de sua cozinha.<\/p>\n","protected":false},"excerpt":{"rendered":"<p>Seu amigo acabara de estacionar em frente \u00e0 casa. Viera \u2026<\/p>\n<p class=\"continue-reading-button\"> <a class=\"continue-reading-link\" href=\"https:\/\/www.tgreguol.com.br\/blog\/devaneio\/\">Leia Mais<i class=\"crycon-right-dir\"><\/i><\/a><\/p>\n","protected":false},"author":1,"featured_media":0,"parent":0,"menu_order":0,"comment_status":"closed","ping_status":"closed","template":"","meta":{"nf_dc_page":"","_exactmetrics_skip_tracking":false,"_exactmetrics_sitenote_active":false,"_exactmetrics_sitenote_note":"","_exactmetrics_sitenote_category":0,"footnotes":""},"class_list":["post-1226","page","type-page","status-publish","hentry"],"yoast_head":"<!-- This site is optimized with the Yoast SEO plugin v27.5 - https:\/\/yoast.com\/product\/yoast-seo-wordpress\/ -->\n<title>Devaneio - T. Greguol<\/title>\n<meta name=\"robots\" content=\"index, follow, max-snippet:-1, max-image-preview:large, max-video-preview:-1\" \/>\n<link rel=\"canonical\" href=\"https:\/\/www.tgreguol.com.br\/blog\/devaneio\/\" \/>\n<meta property=\"og:locale\" content=\"pt_BR\" \/>\n<meta property=\"og:type\" content=\"article\" \/>\n<meta property=\"og:title\" content=\"Devaneio - T. Greguol\" \/>\n<meta property=\"og:description\" content=\"Seu amigo acabara de estacionar em frente \u00e0 casa. Viera \u2026 Leia Mais\" \/>\n<meta property=\"og:url\" content=\"https:\/\/www.tgreguol.com.br\/blog\/devaneio\/\" \/>\n<meta property=\"og:site_name\" content=\"T. Greguol\" \/>\n<meta property=\"article:publisher\" content=\"https:\/\/www.facebook.com\/tgreguol\" \/>\n<meta property=\"article:modified_time\" content=\"2016-02-15T17:40:07+00:00\" \/>\n<meta name=\"twitter:card\" content=\"summary_large_image\" \/>\n<meta name=\"twitter:site\" content=\"@katarse\" \/>\n<meta name=\"twitter:label1\" content=\"Est. tempo de leitura\" \/>\n\t<meta name=\"twitter:data1\" content=\"2 minutos\" \/>\n<script type=\"application\/ld+json\" class=\"yoast-schema-graph\">{\"@context\":\"https:\\\/\\\/schema.org\",\"@graph\":[{\"@type\":\"WebPage\",\"@id\":\"https:\\\/\\\/www.tgreguol.com.br\\\/blog\\\/devaneio\\\/\",\"url\":\"https:\\\/\\\/www.tgreguol.com.br\\\/blog\\\/devaneio\\\/\",\"name\":\"Devaneio - T. Greguol\",\"isPartOf\":{\"@id\":\"https:\\\/\\\/www.tgreguol.com.br\\\/blog\\\/#website\"},\"datePublished\":\"2016-01-29T20:56:41+00:00\",\"dateModified\":\"2016-02-15T17:40:07+00:00\",\"breadcrumb\":{\"@id\":\"https:\\\/\\\/www.tgreguol.com.br\\\/blog\\\/devaneio\\\/#breadcrumb\"},\"inLanguage\":\"pt-BR\",\"potentialAction\":[{\"@type\":\"ReadAction\",\"target\":[\"https:\\\/\\\/www.tgreguol.com.br\\\/blog\\\/devaneio\\\/\"]}]},{\"@type\":\"BreadcrumbList\",\"@id\":\"https:\\\/\\\/www.tgreguol.com.br\\\/blog\\\/devaneio\\\/#breadcrumb\",\"itemListElement\":[{\"@type\":\"ListItem\",\"position\":1,\"name\":\"In\u00edcio\",\"item\":\"https:\\\/\\\/www.tgreguol.com.br\\\/blog\\\/\"},{\"@type\":\"ListItem\",\"position\":2,\"name\":\"Devaneio\"}]},{\"@type\":\"WebSite\",\"@id\":\"https:\\\/\\\/www.tgreguol.com.br\\\/blog\\\/#website\",\"url\":\"https:\\\/\\\/www.tgreguol.com.br\\\/blog\\\/\",\"name\":\"T. Greguol\",\"description\":\"Imaginador\",\"potentialAction\":[{\"@type\":\"SearchAction\",\"target\":{\"@type\":\"EntryPoint\",\"urlTemplate\":\"https:\\\/\\\/www.tgreguol.com.br\\\/blog\\\/?s={search_term_string}\"},\"query-input\":{\"@type\":\"PropertyValueSpecification\",\"valueRequired\":true,\"valueName\":\"search_term_string\"}}],\"inLanguage\":\"pt-BR\"}]}<\/script>\n<!-- \/ Yoast SEO plugin. -->","yoast_head_json":{"title":"Devaneio - T. Greguol","robots":{"index":"index","follow":"follow","max-snippet":"max-snippet:-1","max-image-preview":"max-image-preview:large","max-video-preview":"max-video-preview:-1"},"canonical":"https:\/\/www.tgreguol.com.br\/blog\/devaneio\/","og_locale":"pt_BR","og_type":"article","og_title":"Devaneio - T. Greguol","og_description":"Seu amigo acabara de estacionar em frente \u00e0 casa. Viera \u2026 Leia Mais","og_url":"https:\/\/www.tgreguol.com.br\/blog\/devaneio\/","og_site_name":"T. Greguol","article_publisher":"https:\/\/www.facebook.com\/tgreguol","article_modified_time":"2016-02-15T17:40:07+00:00","twitter_card":"summary_large_image","twitter_site":"@katarse","twitter_misc":{"Est. tempo de leitura":"2 minutos"},"schema":{"@context":"https:\/\/schema.org","@graph":[{"@type":"WebPage","@id":"https:\/\/www.tgreguol.com.br\/blog\/devaneio\/","url":"https:\/\/www.tgreguol.com.br\/blog\/devaneio\/","name":"Devaneio - T. Greguol","isPartOf":{"@id":"https:\/\/www.tgreguol.com.br\/blog\/#website"},"datePublished":"2016-01-29T20:56:41+00:00","dateModified":"2016-02-15T17:40:07+00:00","breadcrumb":{"@id":"https:\/\/www.tgreguol.com.br\/blog\/devaneio\/#breadcrumb"},"inLanguage":"pt-BR","potentialAction":[{"@type":"ReadAction","target":["https:\/\/www.tgreguol.com.br\/blog\/devaneio\/"]}]},{"@type":"BreadcrumbList","@id":"https:\/\/www.tgreguol.com.br\/blog\/devaneio\/#breadcrumb","itemListElement":[{"@type":"ListItem","position":1,"name":"In\u00edcio","item":"https:\/\/www.tgreguol.com.br\/blog\/"},{"@type":"ListItem","position":2,"name":"Devaneio"}]},{"@type":"WebSite","@id":"https:\/\/www.tgreguol.com.br\/blog\/#website","url":"https:\/\/www.tgreguol.com.br\/blog\/","name":"T. Greguol","description":"Imaginador","potentialAction":[{"@type":"SearchAction","target":{"@type":"EntryPoint","urlTemplate":"https:\/\/www.tgreguol.com.br\/blog\/?s={search_term_string}"},"query-input":{"@type":"PropertyValueSpecification","valueRequired":true,"valueName":"search_term_string"}}],"inLanguage":"pt-BR"}]}},"_links":{"self":[{"href":"https:\/\/www.tgreguol.com.br\/blog\/wp-json\/wp\/v2\/pages\/1226","targetHints":{"allow":["GET"]}}],"collection":[{"href":"https:\/\/www.tgreguol.com.br\/blog\/wp-json\/wp\/v2\/pages"}],"about":[{"href":"https:\/\/www.tgreguol.com.br\/blog\/wp-json\/wp\/v2\/types\/page"}],"author":[{"embeddable":true,"href":"https:\/\/www.tgreguol.com.br\/blog\/wp-json\/wp\/v2\/users\/1"}],"replies":[{"embeddable":true,"href":"https:\/\/www.tgreguol.com.br\/blog\/wp-json\/wp\/v2\/comments?post=1226"}],"version-history":[{"count":3,"href":"https:\/\/www.tgreguol.com.br\/blog\/wp-json\/wp\/v2\/pages\/1226\/revisions"}],"predecessor-version":[{"id":1380,"href":"https:\/\/www.tgreguol.com.br\/blog\/wp-json\/wp\/v2\/pages\/1226\/revisions\/1380"}],"wp:attachment":[{"href":"https:\/\/www.tgreguol.com.br\/blog\/wp-json\/wp\/v2\/media?parent=1226"}],"curies":[{"name":"wp","href":"https:\/\/api.w.org\/{rel}","templated":true}]}}