{"id":1073,"date":"2016-01-15T18:43:43","date_gmt":"2016-01-15T18:43:43","guid":{"rendered":"https:\/\/www.tgreguol.com.br\/blog\/?page_id=1073"},"modified":"2020-10-17T16:37:42","modified_gmt":"2020-10-17T16:37:42","slug":"albuns","status":"publish","type":"page","link":"https:\/\/www.tgreguol.com.br\/blog\/banda-katarse\/albuns\/","title":{"rendered":"\u00c1lbuns"},"content":{"rendered":"<p>2020 &#8211; <strong><a href=\"https:\/\/www.tgreguol.com.br\/blog\/dancantefilosoficofuriosotosco\/\">dan\u00e7antefilos\u00f3ficofuriosotosco<\/a><\/strong><b><br \/>\n<\/b>(lan\u00e7amento dia 20\/11\/20)<\/p>\n<p>2008 &#8211;\u00a0<strong><a href=\"https:\/\/www.tgreguol.com.br\/blog\/banda-katarse\/a-obtusa-simplicidade-do-ser\/\">A Obtusa Simplicidade do Ser<\/a><\/strong><br \/>\n<a href=\"https:\/\/www.youtube.com\/playlist?list=PLBo_fHJSdrvTuC4x-ojBwLl7ePww8R2uS\" target=\"_blank\" rel=\"noopener noreferrer\">Youtube<\/a> &#8211;\u00a0<a href=\"http:\/\/www.amazon.com\/s?url=search-alias%3Daps&amp;field-keywords=Katarse%20A%20Obtusa%20Simplicidade%20Do%20Ser\" target=\"_blank\" rel=\"noopener noreferrer\">Amazon<\/a> \u2013\u00a0<a href=\"http:\/\/www.deezer.com\/album\/5974514\" target=\"_blank\" rel=\"noopener noreferrer\"> Deezer<\/a> \u2013\u00a0<a href=\"http:\/\/www.emusic.com\/search\/music\/?s=Katarse+A+Obtusa+Simplicidade+Do+Ser\" target=\"_blank\" rel=\"noopener noreferrer\"> eMusic<\/a> \u2013 <a href=\"https:\/\/play.google.com\/store\/music\/album?id=Bumcj6xonabt4rvah6ygcqnyr3y\" target=\"_blank\" rel=\"noopener noreferrer\">Google Play<\/a>\u00a0\u2013 <a href=\"https:\/\/itunes.apple.com\/us\/album\/id566498171\" target=\"_blank\" rel=\"noopener noreferrer\">iTunes<\/a> \u2013 <a href=\"https:\/\/www.rdio.com\/artist\/Katarse\/album\/A_Obtusa_Simplicidade_Do_Ser\/?utm_campaign=share&amp;utm_medium=Album&amp;utm_source=-1&amp;utm_content=1994209\" target=\"_blank\" rel=\"noopener noreferrer\">Rdio<\/a>\u00a0&#8211;\u00a0<a href=\"https:\/\/play.spotify.com\/album\/182WsljCZsSRsTfkR0XVfl?play=true&amp;utm_source=open.spotify.com&amp;utm_medium=open\" target=\"_blank\" rel=\"noopener noreferrer\">Spotify<\/a> \u2013\u00a0<a href=\"http:\/\/www.tratore.com.br\/um_cd.php?id=5784\" target=\"_blank\" rel=\"noopener noreferrer\">Tratore<br \/>\n<\/a><\/p>\n<p>2005 &#8211;\u00a0<strong><a href=\"https:\/\/www.tgreguol.com.br\/blog\/banda-katarse\/a-prosaica-onipresenca-da-criatura\/\">A Prosaica Onipresen\u00e7a da Criatura<\/a><\/strong><br \/>\n<a href=\"https:\/\/www.youtube.com\/playlist?list=PLBo_fHJSdrvRC1_78KS1l1scWcdRbp98X\" target=\"_blank\" rel=\"noopener noreferrer\">Youtube<\/a> &#8211;\u00a0<a href=\"http:\/\/www.amazon.com\/s?url=search-alias%3Daps&amp;field-keywords=Katarse%20A%20Prosaica%20Onipresenca%20Da%20Criatura\" target=\"_blank\" rel=\"noopener noreferrer\">Amazon<\/a> \u2013\u00a0 <a href=\"http:\/\/www.deezer.com\/album\/6021232\" target=\"_blank\" rel=\"noopener noreferrer\">Deezer<\/a> \u2013 <a href=\"http:\/\/www.emusic.com\/home\/home.html#\/search\/music\/Katarse%20A%20Prosaica%20Onipresenca%20Da%20Criatura\/:\" target=\"_blank\" rel=\"noopener noreferrer\">eMusic<\/a> \u2013 <a href=\"https:\/\/play.google.com\/store\/music\/album?id=By4pea3uyind3bt56fz7c6z6lnq\" target=\"_blank\" rel=\"noopener noreferrer\">Google Play<\/a> \u2013 <a href=\"https:\/\/itunes.apple.com\/us\/album\/id570498823\" target=\"_blank\" rel=\"noopener noreferrer\">iTunes<\/a> \u2013\u00a0<a href=\"https:\/\/www.rdio.com\/artist\/Katarse\/album\/A_Prosaica_Onipresen%C3%A7a_Da_Criatura\/?apSource=a2063226\" target=\"_blank\" rel=\"noopener noreferrer\"> Rdio<\/a>\u00a0&#8211; <a href=\"https:\/\/play.spotify.com\/album\/6Ygva26HiGGcCKd0Uu7nDA?play=true&amp;utm_source=open.spotify.com&amp;utm_medium=open\" target=\"_blank\" rel=\"noopener noreferrer\">Spotify<\/a> \u2013\u00a0<a href=\"http:\/\/www.tratore.com.br\/um_cd.php?id=5785\" target=\"_blank\" rel=\"noopener noreferrer\">Tratore<\/a><a href=\"http:\/\/www.tratore.com.br\/um_cd.php?id=5785\" target=\"_blank\" rel=\"noopener noreferrer\"><br \/>\n<\/a><\/p>\n<p>2004 &#8211;\u00a0<strong><a href=\"https:\/\/www.tgreguol.com.br\/blog\/banda-katarse\/a-monstruosa-panaceia-de-bodisatva\/\">A Monstruosa Panaceia de Bodisatva<\/a><br \/>\n<\/strong><a href=\"https:\/\/www.deezer.com\/br\/album\/76269122\" target=\"_blank\" rel=\"noopener noreferrer\">Deezer<\/a> &#8211; <a href=\"https:\/\/play.google.com\/music\/listen#\/album\/Bnaqqrlhjjxairokdyjday426xm\/Katarse\/A+Monstruosa+Panaceia+de+Bodisatva\" target=\"_blank\" rel=\"noopener noreferrer\">GooglePlay<\/a> &#8211; <a href=\"https:\/\/open.spotify.com\/album\/0nmQRSZfNjE2Eti40AeAOe\" target=\"_blank\" rel=\"noopener noreferrer\">Spotify<\/a> &#8211; <a href=\"https:\/\/www.youtube.com\/playlist?list=PLBo_fHJSdrvRa8e-0Xs6i7xE6jWKVd-iS\" target=\"_blank\" rel=\"noopener noreferrer\">Youtube<\/a><\/p>\n","protected":false},"excerpt":{"rendered":"<p>2020 &#8211; dan\u00e7antefilos\u00f3ficofuriosotosco (lan\u00e7amento dia 20\/11\/20) 2008 &#8211;\u00a0A Obtusa Simplicidade \u2026<\/p>\n<p class=\"continue-reading-button\"> <a class=\"continue-reading-link\" href=\"https:\/\/www.tgreguol.com.br\/blog\/banda-katarse\/albuns\/\">Leia Mais<i class=\"crycon-right-dir\"><\/i><\/a><\/p>\n","protected":false},"author":1,"featured_media":0,"parent":504,"menu_order":0,"comment_status":"closed","ping_status":"closed","template":"","meta":{"nf_dc_page":"","_exactmetrics_skip_tracking":false,"_exactmetrics_sitenote_active":false,"_exactmetrics_sitenote_note":"","_exactmetrics_sitenote_category":0,"footnotes":""},"class_list":["post-1073","page","type-page","status-publish","hentry"],"yoast_head":"<!-- This site is optimized with the Yoast SEO plugin v27.5 - https:\/\/yoast.com\/product\/yoast-seo-wordpress\/ -->\n<title>\u00c1lbuns - T. Greguol<\/title>\n<meta name=\"robots\" content=\"index, follow, max-snippet:-1, max-image-preview:large, max-video-preview:-1\" \/>\n<link rel=\"canonical\" href=\"https:\/\/www.tgreguol.com.br\/blog\/banda-katarse\/albuns\/\" \/>\n<meta property=\"og:locale\" content=\"pt_BR\" \/>\n<meta property=\"og:type\" content=\"article\" \/>\n<meta property=\"og:title\" content=\"\u00c1lbuns - T. Greguol\" \/>\n<meta property=\"og:description\" content=\"2020 &#8211; dan\u00e7antefilos\u00f3ficofuriosotosco (lan\u00e7amento dia 20\/11\/20) 2008 &#8211;\u00a0A Obtusa Simplicidade \u2026 Leia Mais\" \/>\n<meta property=\"og:url\" content=\"https:\/\/www.tgreguol.com.br\/blog\/banda-katarse\/albuns\/\" \/>\n<meta property=\"og:site_name\" content=\"T. Greguol\" \/>\n<meta property=\"article:publisher\" content=\"https:\/\/www.facebook.com\/tgreguol\" \/>\n<meta property=\"article:modified_time\" content=\"2020-10-17T16:37:42+00:00\" \/>\n<meta name=\"twitter:card\" content=\"summary_large_image\" \/>\n<meta name=\"twitter:site\" content=\"@katarse\" \/>\n<script type=\"application\/ld+json\" class=\"yoast-schema-graph\">{\"@context\":\"https:\\\/\\\/schema.org\",\"@graph\":[{\"@type\":\"WebPage\",\"@id\":\"https:\\\/\\\/www.tgreguol.com.br\\\/blog\\\/banda-katarse\\\/albuns\\\/\",\"url\":\"https:\\\/\\\/www.tgreguol.com.br\\\/blog\\\/banda-katarse\\\/albuns\\\/\",\"name\":\"\u00c1lbuns - T. Greguol\",\"isPartOf\":{\"@id\":\"https:\\\/\\\/www.tgreguol.com.br\\\/blog\\\/#website\"},\"datePublished\":\"2016-01-15T18:43:43+00:00\",\"dateModified\":\"2020-10-17T16:37:42+00:00\",\"breadcrumb\":{\"@id\":\"https:\\\/\\\/www.tgreguol.com.br\\\/blog\\\/banda-katarse\\\/albuns\\\/#breadcrumb\"},\"inLanguage\":\"pt-BR\",\"potentialAction\":[{\"@type\":\"ReadAction\",\"target\":[\"https:\\\/\\\/www.tgreguol.com.br\\\/blog\\\/banda-katarse\\\/albuns\\\/\"]}]},{\"@type\":\"BreadcrumbList\",\"@id\":\"https:\\\/\\\/www.tgreguol.com.br\\\/blog\\\/banda-katarse\\\/albuns\\\/#breadcrumb\",\"itemListElement\":[{\"@type\":\"ListItem\",\"position\":1,\"name\":\"In\u00edcio\",\"item\":\"https:\\\/\\\/www.tgreguol.com.br\\\/blog\\\/\"},{\"@type\":\"ListItem\",\"position\":2,\"name\":\"Banda Katarse\",\"item\":\"https:\\\/\\\/www.tgreguol.com.br\\\/blog\\\/banda-katarse\\\/\"},{\"@type\":\"ListItem\",\"position\":3,\"name\":\"\u00c1lbuns\"}]},{\"@type\":\"WebSite\",\"@id\":\"https:\\\/\\\/www.tgreguol.com.br\\\/blog\\\/#website\",\"url\":\"https:\\\/\\\/www.tgreguol.com.br\\\/blog\\\/\",\"name\":\"T. Greguol\",\"description\":\"Imaginador\",\"potentialAction\":[{\"@type\":\"SearchAction\",\"target\":{\"@type\":\"EntryPoint\",\"urlTemplate\":\"https:\\\/\\\/www.tgreguol.com.br\\\/blog\\\/?s={search_term_string}\"},\"query-input\":{\"@type\":\"PropertyValueSpecification\",\"valueRequired\":true,\"valueName\":\"search_term_string\"}}],\"inLanguage\":\"pt-BR\"}]}<\/script>\n<!-- \/ Yoast SEO plugin. -->","yoast_head_json":{"title":"\u00c1lbuns - T. Greguol","robots":{"index":"index","follow":"follow","max-snippet":"max-snippet:-1","max-image-preview":"max-image-preview:large","max-video-preview":"max-video-preview:-1"},"canonical":"https:\/\/www.tgreguol.com.br\/blog\/banda-katarse\/albuns\/","og_locale":"pt_BR","og_type":"article","og_title":"\u00c1lbuns - T. Greguol","og_description":"2020 &#8211; dan\u00e7antefilos\u00f3ficofuriosotosco (lan\u00e7amento dia 20\/11\/20) 2008 &#8211;\u00a0A Obtusa Simplicidade \u2026 Leia Mais","og_url":"https:\/\/www.tgreguol.com.br\/blog\/banda-katarse\/albuns\/","og_site_name":"T. Greguol","article_publisher":"https:\/\/www.facebook.com\/tgreguol","article_modified_time":"2020-10-17T16:37:42+00:00","twitter_card":"summary_large_image","twitter_site":"@katarse","schema":{"@context":"https:\/\/schema.org","@graph":[{"@type":"WebPage","@id":"https:\/\/www.tgreguol.com.br\/blog\/banda-katarse\/albuns\/","url":"https:\/\/www.tgreguol.com.br\/blog\/banda-katarse\/albuns\/","name":"\u00c1lbuns - T. Greguol","isPartOf":{"@id":"https:\/\/www.tgreguol.com.br\/blog\/#website"},"datePublished":"2016-01-15T18:43:43+00:00","dateModified":"2020-10-17T16:37:42+00:00","breadcrumb":{"@id":"https:\/\/www.tgreguol.com.br\/blog\/banda-katarse\/albuns\/#breadcrumb"},"inLanguage":"pt-BR","potentialAction":[{"@type":"ReadAction","target":["https:\/\/www.tgreguol.com.br\/blog\/banda-katarse\/albuns\/"]}]},{"@type":"BreadcrumbList","@id":"https:\/\/www.tgreguol.com.br\/blog\/banda-katarse\/albuns\/#breadcrumb","itemListElement":[{"@type":"ListItem","position":1,"name":"In\u00edcio","item":"https:\/\/www.tgreguol.com.br\/blog\/"},{"@type":"ListItem","position":2,"name":"Banda Katarse","item":"https:\/\/www.tgreguol.com.br\/blog\/banda-katarse\/"},{"@type":"ListItem","position":3,"name":"\u00c1lbuns"}]},{"@type":"WebSite","@id":"https:\/\/www.tgreguol.com.br\/blog\/#website","url":"https:\/\/www.tgreguol.com.br\/blog\/","name":"T. Greguol","description":"Imaginador","potentialAction":[{"@type":"SearchAction","target":{"@type":"EntryPoint","urlTemplate":"https:\/\/www.tgreguol.com.br\/blog\/?s={search_term_string}"},"query-input":{"@type":"PropertyValueSpecification","valueRequired":true,"valueName":"search_term_string"}}],"inLanguage":"pt-BR"}]}},"_links":{"self":[{"href":"https:\/\/www.tgreguol.com.br\/blog\/wp-json\/wp\/v2\/pages\/1073","targetHints":{"allow":["GET"]}}],"collection":[{"href":"https:\/\/www.tgreguol.com.br\/blog\/wp-json\/wp\/v2\/pages"}],"about":[{"href":"https:\/\/www.tgreguol.com.br\/blog\/wp-json\/wp\/v2\/types\/page"}],"author":[{"embeddable":true,"href":"https:\/\/www.tgreguol.com.br\/blog\/wp-json\/wp\/v2\/users\/1"}],"replies":[{"embeddable":true,"href":"https:\/\/www.tgreguol.com.br\/blog\/wp-json\/wp\/v2\/comments?post=1073"}],"version-history":[{"count":20,"href":"https:\/\/www.tgreguol.com.br\/blog\/wp-json\/wp\/v2\/pages\/1073\/revisions"}],"predecessor-version":[{"id":3069,"href":"https:\/\/www.tgreguol.com.br\/blog\/wp-json\/wp\/v2\/pages\/1073\/revisions\/3069"}],"up":[{"embeddable":true,"href":"https:\/\/www.tgreguol.com.br\/blog\/wp-json\/wp\/v2\/pages\/504"}],"wp:attachment":[{"href":"https:\/\/www.tgreguol.com.br\/blog\/wp-json\/wp\/v2\/media?parent=1073"}],"curies":[{"name":"wp","href":"https:\/\/api.w.org\/{rel}","templated":true}]}}